{"id":11338,"date":"2026-04-10T08:13:36","date_gmt":"2026-04-10T05:13:36","guid":{"rendered":"https:\/\/ozince.com\/magaza\/kategorilenmemis\/ngk-48006-atesleme-bobini-astra-g-corsa-c-vectra-b-c-98-04-x16xel-z14xe-z16xe-u6002\/"},"modified":"2026-04-10T08:13:37","modified_gmt":"2026-04-10T05:13:37","slug":"ngk-48006-atesleme-bobini-astra-g-corsa-c-vectra-b-c-98-04-x16xel-z14xe-z16xe-u6002","status":"publish","type":"product","link":"https:\/\/ozince.com\/magaza\/sensor-ve-elektrik-urunleri\/ngk-48006-atesleme-bobini-astra-g-corsa-c-vectra-b-c-98-04-x16xel-z14xe-z16xe-u6002\/","title":{"rendered":"NGK-48006 ATE\u015eLEME BOB\u0130N\u0130 ASTRA G \/ CORSA C \/ VECTRA B \/ C 98-04 X16XEL-Z14XE-Z16XE (U6002)"},"content":{"rendered":"","protected":false},"excerpt":{"rendered":"","protected":false},"featured_media":0,"template":"","meta":[],"product_brand":[417],"product_cat":[374],"product_tag":[378],"class_list":{"0":"post-11338","1":"product","2":"type-product","3":"status-publish","5":"arac_markasi_modeli-astra-g","6":"arac_markasi_modeli-corsa-c","7":"arac_markasi_modeli-opel","8":"arac_markasi_modeli-vectra-b","9":"product_brand-ngk","10":"product_cat-sensor-ve-elektrik-urunleri","11":"product_tag-altay","13":"first","14":"outofstock","15":"taxable","16":"shipping-taxable","17":"purchasable","18":"product-type-simple"},"jetpack_sharing_enabled":true,"_links":{"self":[{"href":"https:\/\/ozince.com\/magaza\/wp-json\/wp\/v2\/product\/11338","targetHints":{"allow":["GET"]}}],"collection":[{"href":"https:\/\/ozince.com\/magaza\/wp-json\/wp\/v2\/product"}],"about":[{"href":"https:\/\/ozince.com\/magaza\/wp-json\/wp\/v2\/types\/product"}],"wp:attachment":[{"href":"https:\/\/ozince.com\/magaza\/wp-json\/wp\/v2\/media?parent=11338"}],"wp:term":[{"taxonomy":"product_brand","embeddable":true,"href":"https:\/\/ozince.com\/magaza\/wp-json\/wp\/v2\/product_brand?post=11338"},{"taxonomy":"product_cat","embeddable":true,"href":"https:\/\/ozince.com\/magaza\/wp-json\/wp\/v2\/product_cat?post=11338"},{"taxonomy":"product_tag","embeddable":true,"href":"https:\/\/ozince.com\/magaza\/wp-json\/wp\/v2\/product_tag?post=11338"}],"curies":[{"name":"wp","href":"https:\/\/api.w.org\/{rel}","templated":true}]}}