{"id":11337,"date":"2026-04-10T08:13:36","date_gmt":"2026-04-10T05:13:36","guid":{"rendered":"https:\/\/ozince.com\/magaza\/kategorilenmemis\/mhr-29027-takoz-motor-corsa-c-combo-c-on-sag-1-2-1-4-1-6-klimasiz\/"},"modified":"2026-04-10T08:13:36","modified_gmt":"2026-04-10T05:13:36","slug":"mhr-29027-takoz-motor-corsa-c-combo-c-on-sag-1-2-1-4-1-6-klimasiz","status":"publish","type":"product","link":"https:\/\/ozince.com\/magaza\/motor-mekanik-urunleri\/mhr-29027-takoz-motor-corsa-c-combo-c-on-sag-1-2-1-4-1-6-klimasiz\/","title":{"rendered":"MHR-29027 TAKOZ MOTOR CORSA C \/ COMBO C \u00d6N SA\u011e 1.2-1.4-1.6 KL\u0130MASIZ"},"content":{"rendered":"","protected":false},"excerpt":{"rendered":"","protected":false},"featured_media":0,"template":"","meta":[],"product_brand":[288],"product_cat":[298],"product_tag":[378],"class_list":{"0":"post-11337","1":"product","2":"type-product","3":"status-publish","5":"arac_markasi_modeli-combo-c","6":"arac_markasi_modeli-corsa-c","7":"arac_markasi_modeli-opel","8":"product_brand-maher","9":"product_cat-motor-mekanik-urunleri","10":"product_tag-altay","12":"first","13":"outofstock","14":"taxable","15":"shipping-taxable","16":"purchasable","17":"product-type-simple"},"jetpack_sharing_enabled":true,"_links":{"self":[{"href":"https:\/\/ozince.com\/magaza\/wp-json\/wp\/v2\/product\/11337","targetHints":{"allow":["GET"]}}],"collection":[{"href":"https:\/\/ozince.com\/magaza\/wp-json\/wp\/v2\/product"}],"about":[{"href":"https:\/\/ozince.com\/magaza\/wp-json\/wp\/v2\/types\/product"}],"wp:attachment":[{"href":"https:\/\/ozince.com\/magaza\/wp-json\/wp\/v2\/media?parent=11337"}],"wp:term":[{"taxonomy":"product_brand","embeddable":true,"href":"https:\/\/ozince.com\/magaza\/wp-json\/wp\/v2\/product_brand?post=11337"},{"taxonomy":"product_cat","embeddable":true,"href":"https:\/\/ozince.com\/magaza\/wp-json\/wp\/v2\/product_cat?post=11337"},{"taxonomy":"product_tag","embeddable":true,"href":"https:\/\/ozince.com\/magaza\/wp-json\/wp\/v2\/product_tag?post=11337"}],"curies":[{"name":"wp","href":"https:\/\/api.w.org\/{rel}","templated":true}]}}