{"id":11336,"date":"2026-04-28T08:15:07","date_gmt":"2026-04-28T05:15:07","guid":{"rendered":"https:\/\/ozince.com\/magaza\/kategorilenmemis\/swg-40917665-musur-yag-astra-g-h-j-corsa-b-c-d-insignia-mokka-96-x12xe-z12xe-p-z14xep-a12xer-a14xer\/"},"modified":"2026-04-28T08:15:08","modified_gmt":"2026-04-28T05:15:08","slug":"swg-40917665-musur-yag-astra-g-h-j-corsa-b-c-d-insignia-mokka-96-x12xe-z12xe-p-z14xep-a12xer-a14xer","status":"publish","type":"product","link":"https:\/\/ozince.com\/magaza\/sensor-ve-elektrik-urunleri\/swg-40917665-musur-yag-astra-g-h-j-corsa-b-c-d-insignia-mokka-96-x12xe-z12xe-p-z14xep-a12xer-a14xer\/","title":{"rendered":"SWG-40917665 M\u00dc\u015e\u00dcR YA\u011e ASTRA G \/ H \/ J CORSA B \/ C \/ D INSIGNIA \/ MOKKA 96= X12XE-Z12XE-P-Z14XEP-A12XER-A14XER"},"content":{"rendered":"","protected":false},"excerpt":{"rendered":"","protected":false},"featured_media":0,"template":"","meta":[],"product_brand":[309],"product_cat":[374],"product_tag":[378],"class_list":{"0":"post-11336","1":"product","2":"type-product","3":"status-publish","5":"arac_markasi_modeli-astra-g","6":"arac_markasi_modeli-corsa-b","7":"arac_markasi_modeli-mokka","8":"arac_markasi_modeli-opel","9":"product_brand-swag","10":"product_cat-sensor-ve-elektrik-urunleri","11":"product_tag-altay","13":"first","14":"instock","15":"taxable","16":"shipping-taxable","17":"purchasable","18":"product-type-simple"},"jetpack_sharing_enabled":true,"_links":{"self":[{"href":"https:\/\/ozince.com\/magaza\/wp-json\/wp\/v2\/product\/11336","targetHints":{"allow":["GET"]}}],"collection":[{"href":"https:\/\/ozince.com\/magaza\/wp-json\/wp\/v2\/product"}],"about":[{"href":"https:\/\/ozince.com\/magaza\/wp-json\/wp\/v2\/types\/product"}],"wp:attachment":[{"href":"https:\/\/ozince.com\/magaza\/wp-json\/wp\/v2\/media?parent=11336"}],"wp:term":[{"taxonomy":"product_brand","embeddable":true,"href":"https:\/\/ozince.com\/magaza\/wp-json\/wp\/v2\/product_brand?post=11336"},{"taxonomy":"product_cat","embeddable":true,"href":"https:\/\/ozince.com\/magaza\/wp-json\/wp\/v2\/product_cat?post=11336"},{"taxonomy":"product_tag","embeddable":true,"href":"https:\/\/ozince.com\/magaza\/wp-json\/wp\/v2\/product_tag?post=11336"}],"curies":[{"name":"wp","href":"https:\/\/api.w.org\/{rel}","templated":true}]}}