{"id":11335,"date":"2026-04-18T08:22:43","date_gmt":"2026-04-18T05:22:43","guid":{"rendered":"https:\/\/ozince.com\/magaza\/kategorilenmemis\/vr-61-31995-10-silindir-kapak-conta-vectra-b-96-02-astra-f-91-98-astra-g-98-07-1-6-16v-x16xel\/"},"modified":"2026-04-18T08:22:44","modified_gmt":"2026-04-18T05:22:44","slug":"elr-186-711-silindir-kapak-conta-vectra-b-96-02-astra-f-91-98-astra-g-98-07-1-6-16v-x16xel","status":"publish","type":"product","link":"https:\/\/ozince.com\/magaza\/motor-mekanik-urunleri\/elr-186-711-silindir-kapak-conta-vectra-b-96-02-astra-f-91-98-astra-g-98-07-1-6-16v-x16xel\/","title":{"rendered":"ELR-186.711 S\u0130L\u0130ND\u0130R KAPAK CONTA VECTRA B  96-02 \/ ASTRA F 91-98 \/ ASTRA G 98-07 \/ 1.6 16V (X16XEL)"},"content":{"rendered":"","protected":false},"excerpt":{"rendered":"","protected":false},"featured_media":14516,"template":"","meta":[],"product_brand":[421],"product_cat":[298],"product_tag":[378],"class_list":{"0":"post-11335","1":"product","2":"type-product","3":"status-publish","4":"has-post-thumbnail","6":"arac_markasi_modeli-astra-f","7":"arac_markasi_modeli-astra-g","8":"arac_markasi_modeli-opel","9":"arac_markasi_modeli-vectra-b","10":"product_brand-elring","11":"product_cat-motor-mekanik-urunleri","12":"product_tag-altay","14":"first","15":"outofstock","16":"taxable","17":"shipping-taxable","18":"purchasable","19":"product-type-simple"},"jetpack_sharing_enabled":true,"_links":{"self":[{"href":"https:\/\/ozince.com\/magaza\/wp-json\/wp\/v2\/product\/11335","targetHints":{"allow":["GET"]}}],"collection":[{"href":"https:\/\/ozince.com\/magaza\/wp-json\/wp\/v2\/product"}],"about":[{"href":"https:\/\/ozince.com\/magaza\/wp-json\/wp\/v2\/types\/product"}],"wp:featuredmedia":[{"embeddable":true,"href":"https:\/\/ozince.com\/magaza\/wp-json\/wp\/v2\/media\/14516"}],"wp:attachment":[{"href":"https:\/\/ozince.com\/magaza\/wp-json\/wp\/v2\/media?parent=11335"}],"wp:term":[{"taxonomy":"product_brand","embeddable":true,"href":"https:\/\/ozince.com\/magaza\/wp-json\/wp\/v2\/product_brand?post=11335"},{"taxonomy":"product_cat","embeddable":true,"href":"https:\/\/ozince.com\/magaza\/wp-json\/wp\/v2\/product_cat?post=11335"},{"taxonomy":"product_tag","embeddable":true,"href":"https:\/\/ozince.com\/magaza\/wp-json\/wp\/v2\/product_tag?post=11335"}],"curies":[{"name":"wp","href":"https:\/\/api.w.org\/{rel}","templated":true}]}}