{"id":11324,"date":"2026-05-01T08:23:58","date_gmt":"2026-05-01T05:23:58","guid":{"rendered":"https:\/\/ozince.com\/magaza\/kategorilenmemis\/tpr-208760001-vites-ara-kol-pimi-vectra-a-astra-f-corsa-b-corsa-c-meriva-a-vectra-b-astra-h\/"},"modified":"2026-05-01T08:23:58","modified_gmt":"2026-05-01T05:23:58","slug":"tpr-208760001-vites-ara-kol-pimi-vectra-a-astra-f-corsa-b-corsa-c-meriva-a-vectra-b-astra-h","status":"publish","type":"product","link":"https:\/\/ozince.com\/magaza\/debriyaj-ve-sanziman-urunleri\/tpr-208760001-vites-ara-kol-pimi-vectra-a-astra-f-corsa-b-corsa-c-meriva-a-vectra-b-astra-h\/","title":{"rendered":"TPR-208760001 V\u0130TES ARA KOL P\u0130M\u0130 VECTRA A \/ ASTRA F \/ CORSA B \/ CORSA C \/ MERIVA A \/ VECTRA B \/ ASTRA H"},"content":{"rendered":"","protected":false},"excerpt":{"rendered":"","protected":false},"featured_media":0,"template":"","meta":[],"product_brand":[336],"product_cat":[347],"product_tag":[378],"class_list":{"0":"post-11324","1":"product","2":"type-product","3":"status-publish","5":"arac_markasi_modeli-astra-f","6":"arac_markasi_modeli-astra-h","7":"arac_markasi_modeli-corsa-b","8":"arac_markasi_modeli-corsa-c","9":"arac_markasi_modeli-meriva","10":"arac_markasi_modeli-meriva-a","11":"arac_markasi_modeli-opel","12":"arac_markasi_modeli-vectra-a","13":"arac_markasi_modeli-vectra-b","14":"product_brand-topran","15":"product_cat-debriyaj-ve-sanziman-urunleri","16":"product_tag-altay","18":"first","19":"instock","20":"taxable","21":"shipping-taxable","22":"purchasable","23":"product-type-simple"},"jetpack_sharing_enabled":true,"_links":{"self":[{"href":"https:\/\/ozince.com\/magaza\/wp-json\/wp\/v2\/product\/11324","targetHints":{"allow":["GET"]}}],"collection":[{"href":"https:\/\/ozince.com\/magaza\/wp-json\/wp\/v2\/product"}],"about":[{"href":"https:\/\/ozince.com\/magaza\/wp-json\/wp\/v2\/types\/product"}],"wp:attachment":[{"href":"https:\/\/ozince.com\/magaza\/wp-json\/wp\/v2\/media?parent=11324"}],"wp:term":[{"taxonomy":"product_brand","embeddable":true,"href":"https:\/\/ozince.com\/magaza\/wp-json\/wp\/v2\/product_brand?post=11324"},{"taxonomy":"product_cat","embeddable":true,"href":"https:\/\/ozince.com\/magaza\/wp-json\/wp\/v2\/product_cat?post=11324"},{"taxonomy":"product_tag","embeddable":true,"href":"https:\/\/ozince.com\/magaza\/wp-json\/wp\/v2\/product_tag?post=11324"}],"curies":[{"name":"wp","href":"https:\/\/api.w.org\/{rel}","templated":true}]}}