{"id":11319,"date":"2026-04-07T08:22:11","date_gmt":"2026-04-07T05:22:11","guid":{"rendered":"https:\/\/ozince.com\/magaza\/kategorilenmemis\/gates-5083-triger-kayisi-104-dis-vectra-a-astra-f-corsa-a-kadett-ascona-c16nz\/"},"modified":"2026-04-07T08:22:13","modified_gmt":"2026-04-07T05:22:13","slug":"gates-5083-triger-kayisi-104-dis-vectra-a-astra-f-corsa-a-kadett-ascona-c16nz","status":"publish","type":"product","link":"https:\/\/ozince.com\/magaza\/motor-mekanik-urunleri\/gates-5083-triger-kayisi-104-dis-vectra-a-astra-f-corsa-a-kadett-ascona-c16nz\/","title":{"rendered":"GATES-5083 TR\u0130GER KAYI\u015eI (104 D\u0130\u015e) VECTRA A \/ ASTRA F \/ CORSA A \/ KADETT \/ ASCONA C16NZ"},"content":{"rendered":"","protected":false},"excerpt":{"rendered":"","protected":false},"featured_media":13627,"template":"","meta":[],"product_brand":[299],"product_cat":[298],"product_tag":[378],"class_list":{"0":"post-11319","1":"product","2":"type-product","3":"status-publish","4":"has-post-thumbnail","6":"arac_markasi_modeli-ascona-c","7":"arac_markasi_modeli-astra-f","8":"arac_markasi_modeli-corsa-a","9":"arac_markasi_modeli-opel","10":"arac_markasi_modeli-vectra-a","11":"product_brand-gates","12":"product_cat-motor-mekanik-urunleri","13":"product_tag-altay","15":"first","16":"instock","17":"taxable","18":"shipping-taxable","19":"purchasable","20":"product-type-simple"},"jetpack_sharing_enabled":true,"_links":{"self":[{"href":"https:\/\/ozince.com\/magaza\/wp-json\/wp\/v2\/product\/11319","targetHints":{"allow":["GET"]}}],"collection":[{"href":"https:\/\/ozince.com\/magaza\/wp-json\/wp\/v2\/product"}],"about":[{"href":"https:\/\/ozince.com\/magaza\/wp-json\/wp\/v2\/types\/product"}],"wp:featuredmedia":[{"embeddable":true,"href":"https:\/\/ozince.com\/magaza\/wp-json\/wp\/v2\/media\/13627"}],"wp:attachment":[{"href":"https:\/\/ozince.com\/magaza\/wp-json\/wp\/v2\/media?parent=11319"}],"wp:term":[{"taxonomy":"product_brand","embeddable":true,"href":"https:\/\/ozince.com\/magaza\/wp-json\/wp\/v2\/product_brand?post=11319"},{"taxonomy":"product_cat","embeddable":true,"href":"https:\/\/ozince.com\/magaza\/wp-json\/wp\/v2\/product_cat?post=11319"},{"taxonomy":"product_tag","embeddable":true,"href":"https:\/\/ozince.com\/magaza\/wp-json\/wp\/v2\/product_tag?post=11319"}],"curies":[{"name":"wp","href":"https:\/\/api.w.org\/{rel}","templated":true}]}}