{"id":11316,"date":"2026-03-05T08:17:53","date_gmt":"2026-03-05T05:17:53","guid":{"rendered":"https:\/\/ozince.com\/magaza\/kategorilenmemis\/kle-344650-yag-sogutucusu-doblo-linea-fiorino-g-punto-evo-astra-h-corsa-d-corsa-c-1-3jtd-icten-sogutmali-tip-komple-euro4\/"},"modified":"2026-03-05T08:17:54","modified_gmt":"2026-03-05T05:17:54","slug":"kle-344650-yag-sogutucusu-doblo-linea-fiorino-g-punto-evo-astra-h-corsa-d-corsa-c-1-3jtd-icten-sogutmali-tip-komple-euro4","status":"publish","type":"product","link":"https:\/\/ozince.com\/magaza\/motor-sogutma-ve-radyator-urunleri\/kle-344650-yag-sogutucusu-doblo-linea-fiorino-g-punto-evo-astra-h-corsa-d-corsa-c-1-3jtd-icten-sogutmali-tip-komple-euro4\/","title":{"rendered":"KLE-344650 YAG SO\u011eUTUCUSU DOBLO \/ LINEA \/ FIORINO \/ G.PUNTO EVO \/ ASTRA H \/ CORSA D \/ CORSA C 1.3JTD \u0130\u00c7TEN SO\u011eUTMALI T\u0130P KOMPLE EURO4"},"content":{"rendered":"","protected":false},"excerpt":{"rendered":"","protected":false},"featured_media":13550,"template":"","meta":[],"product_brand":[328],"product_cat":[324],"product_tag":[378],"class_list":{"0":"post-11316","1":"product","2":"type-product","3":"status-publish","4":"has-post-thumbnail","6":"arac_markasi_modeli-astra-h","7":"arac_markasi_modeli-corsa-c","8":"arac_markasi_modeli-corsa-d","9":"arac_markasi_modeli-opel","10":"product_brand-kale","11":"product_cat-motor-sogutma-ve-radyator-urunleri","12":"product_tag-altay","14":"first","15":"instock","16":"taxable","17":"shipping-taxable","18":"purchasable","19":"product-type-simple"},"jetpack_sharing_enabled":true,"_links":{"self":[{"href":"https:\/\/ozince.com\/magaza\/wp-json\/wp\/v2\/product\/11316","targetHints":{"allow":["GET"]}}],"collection":[{"href":"https:\/\/ozince.com\/magaza\/wp-json\/wp\/v2\/product"}],"about":[{"href":"https:\/\/ozince.com\/magaza\/wp-json\/wp\/v2\/types\/product"}],"wp:featuredmedia":[{"embeddable":true,"href":"https:\/\/ozince.com\/magaza\/wp-json\/wp\/v2\/media\/13550"}],"wp:attachment":[{"href":"https:\/\/ozince.com\/magaza\/wp-json\/wp\/v2\/media?parent=11316"}],"wp:term":[{"taxonomy":"product_brand","embeddable":true,"href":"https:\/\/ozince.com\/magaza\/wp-json\/wp\/v2\/product_brand?post=11316"},{"taxonomy":"product_cat","embeddable":true,"href":"https:\/\/ozince.com\/magaza\/wp-json\/wp\/v2\/product_cat?post=11316"},{"taxonomy":"product_tag","embeddable":true,"href":"https:\/\/ozince.com\/magaza\/wp-json\/wp\/v2\/product_tag?post=11316"}],"curies":[{"name":"wp","href":"https:\/\/api.w.org\/{rel}","templated":true}]}}