{"id":11283,"date":"2026-04-12T08:18:19","date_gmt":"2026-04-12T05:18:19","guid":{"rendered":"https:\/\/ozince.com\/magaza\/kategorilenmemis\/win-0500618-hortum-enjektor-geri-donus-astra-g-astra-h-03-10-1-7-cdti\/"},"modified":"2026-04-12T08:18:21","modified_gmt":"2026-04-12T05:18:21","slug":"win-0500618-hortum-enjektor-geri-donus-astra-g-astra-h-03-10-1-7-cdti","status":"publish","type":"product","link":"https:\/\/ozince.com\/magaza\/motor-sogutma-ve-radyator-urunleri\/win-0500618-hortum-enjektor-geri-donus-astra-g-astra-h-03-10-1-7-cdti\/","title":{"rendered":"WIN-0500618 HORTUM ENJEKT\u00d6R GER\u0130 D\u00d6N\u00dc\u015e ASTRA G \/ ASTRA H 03-10 1.7 CDTI"},"content":{"rendered":"","protected":false},"excerpt":{"rendered":"","protected":false},"featured_media":15881,"template":"","meta":[],"product_brand":[423],"product_cat":[324],"product_tag":[378],"class_list":{"0":"post-11283","1":"product","2":"type-product","3":"status-publish","4":"has-post-thumbnail","6":"arac_markasi_modeli-astra-g","7":"arac_markasi_modeli-astra-h","8":"arac_markasi_modeli-opel","9":"product_brand-wintech","10":"product_cat-motor-sogutma-ve-radyator-urunleri","11":"product_tag-altay","13":"first","14":"instock","15":"taxable","16":"shipping-taxable","17":"purchasable","18":"product-type-simple"},"jetpack_sharing_enabled":true,"_links":{"self":[{"href":"https:\/\/ozince.com\/magaza\/wp-json\/wp\/v2\/product\/11283","targetHints":{"allow":["GET"]}}],"collection":[{"href":"https:\/\/ozince.com\/magaza\/wp-json\/wp\/v2\/product"}],"about":[{"href":"https:\/\/ozince.com\/magaza\/wp-json\/wp\/v2\/types\/product"}],"wp:featuredmedia":[{"embeddable":true,"href":"https:\/\/ozince.com\/magaza\/wp-json\/wp\/v2\/media\/15881"}],"wp:attachment":[{"href":"https:\/\/ozince.com\/magaza\/wp-json\/wp\/v2\/media?parent=11283"}],"wp:term":[{"taxonomy":"product_brand","embeddable":true,"href":"https:\/\/ozince.com\/magaza\/wp-json\/wp\/v2\/product_brand?post=11283"},{"taxonomy":"product_cat","embeddable":true,"href":"https:\/\/ozince.com\/magaza\/wp-json\/wp\/v2\/product_cat?post=11283"},{"taxonomy":"product_tag","embeddable":true,"href":"https:\/\/ozince.com\/magaza\/wp-json\/wp\/v2\/product_tag?post=11283"}],"curies":[{"name":"wp","href":"https:\/\/api.w.org\/{rel}","templated":true}]}}