{"id":11273,"date":"2026-04-07T08:21:00","date_gmt":"2026-04-07T05:21:00","guid":{"rendered":"https:\/\/ozince.com\/magaza\/kategorilenmemis\/gates-k015634xs-triger-seti-captiva-antara-cruze-lacetti-epica-z20dmh-2-0-cdti\/"},"modified":"2026-04-07T08:21:02","modified_gmt":"2026-04-07T05:21:02","slug":"gates-k015634xs-triger-seti-captiva-antara-cruze-lacetti-epica-z20dmh-2-0-cdti","status":"publish","type":"product","link":"https:\/\/ozince.com\/magaza\/motor-mekanik-urunleri\/gates-k015634xs-triger-seti-captiva-antara-cruze-lacetti-epica-z20dmh-2-0-cdti\/","title":{"rendered":"GATES-K015634XS TR\u0130GER SET\u0130 CAPT\u0130VA \/ ANTARA \/ CRUZE \/ LACETT\u0130 \/ EP\u0130CA Z20DMH-2.0 CDT\u0130"},"content":{"rendered":"","protected":false},"excerpt":{"rendered":"","protected":false},"featured_media":15101,"template":"","meta":[],"product_brand":[299],"product_cat":[298],"product_tag":[378],"class_list":{"0":"post-11273","1":"product","2":"type-product","3":"status-publish","4":"has-post-thumbnail","6":"arac_markasi_modeli-antara","7":"arac_markasi_modeli-captiva","8":"arac_markasi_modeli-chevrolet","9":"arac_markasi_modeli-cruze","10":"arac_markasi_modeli-epica","11":"arac_markasi_modeli-lacetti","12":"product_brand-gates","13":"product_cat-motor-mekanik-urunleri","14":"product_tag-altay","16":"first","17":"instock","18":"taxable","19":"shipping-taxable","20":"purchasable","21":"product-type-simple"},"jetpack_sharing_enabled":true,"_links":{"self":[{"href":"https:\/\/ozince.com\/magaza\/wp-json\/wp\/v2\/product\/11273","targetHints":{"allow":["GET"]}}],"collection":[{"href":"https:\/\/ozince.com\/magaza\/wp-json\/wp\/v2\/product"}],"about":[{"href":"https:\/\/ozince.com\/magaza\/wp-json\/wp\/v2\/types\/product"}],"wp:featuredmedia":[{"embeddable":true,"href":"https:\/\/ozince.com\/magaza\/wp-json\/wp\/v2\/media\/15101"}],"wp:attachment":[{"href":"https:\/\/ozince.com\/magaza\/wp-json\/wp\/v2\/media?parent=11273"}],"wp:term":[{"taxonomy":"product_brand","embeddable":true,"href":"https:\/\/ozince.com\/magaza\/wp-json\/wp\/v2\/product_brand?post=11273"},{"taxonomy":"product_cat","embeddable":true,"href":"https:\/\/ozince.com\/magaza\/wp-json\/wp\/v2\/product_cat?post=11273"},{"taxonomy":"product_tag","embeddable":true,"href":"https:\/\/ozince.com\/magaza\/wp-json\/wp\/v2\/product_tag?post=11273"}],"curies":[{"name":"wp","href":"https:\/\/api.w.org\/{rel}","templated":true}]}}