{"id":11267,"date":"2026-04-07T08:20:58","date_gmt":"2026-04-07T05:20:58","guid":{"rendered":"https:\/\/ozince.com\/magaza\/kategorilenmemis\/bsh-0261230289-sensor-map-emme-manifold-basinc-sensoru-aveo-t300-aveo-t250-spark-m300-astra-g-astra-h-astra-j-a14xer-b14xer-z16xep-z16xe\/"},"modified":"2026-04-07T08:20:59","modified_gmt":"2026-04-07T05:20:59","slug":"bsh-0261230289-sensor-map-emme-manifold-basinc-sensoru-aveo-t300-aveo-t250-spark-m300-astra-g-astra-h-astra-j-a14xer-b14xer-z16xep-z16xe","status":"publish","type":"product","link":"https:\/\/ozince.com\/magaza\/sensor-ve-elektrik-urunleri\/bsh-0261230289-sensor-map-emme-manifold-basinc-sensoru-aveo-t300-aveo-t250-spark-m300-astra-g-astra-h-astra-j-a14xer-b14xer-z16xep-z16xe\/","title":{"rendered":"BSH-0261230289 SENS\u00d6R MAP EMME MANIFOLD BASIN\u00c7 SENS\u00d6R\u00dc AVEO T300 \/ AVEO T250 \/ SPARK M300 \/ ASTRA G \/ ASTRA H \/ ASTRA J A14XER-B14XER-Z16XEP-Z16XE"},"content":{"rendered":"","protected":false},"excerpt":{"rendered":"","protected":false},"featured_media":14762,"template":"","meta":[],"product_brand":[190],"product_cat":[374],"product_tag":[378],"class_list":{"0":"post-11267","1":"product","2":"type-product","3":"status-publish","4":"has-post-thumbnail","6":"arac_markasi_modeli-astra-g","7":"arac_markasi_modeli-astra-h","8":"arac_markasi_modeli-astra-j","9":"arac_markasi_modeli-opel","10":"product_brand-bosch","11":"product_cat-sensor-ve-elektrik-urunleri","12":"product_tag-altay","14":"first","15":"instock","16":"taxable","17":"shipping-taxable","18":"purchasable","19":"product-type-simple"},"jetpack_sharing_enabled":true,"_links":{"self":[{"href":"https:\/\/ozince.com\/magaza\/wp-json\/wp\/v2\/product\/11267","targetHints":{"allow":["GET"]}}],"collection":[{"href":"https:\/\/ozince.com\/magaza\/wp-json\/wp\/v2\/product"}],"about":[{"href":"https:\/\/ozince.com\/magaza\/wp-json\/wp\/v2\/types\/product"}],"wp:featuredmedia":[{"embeddable":true,"href":"https:\/\/ozince.com\/magaza\/wp-json\/wp\/v2\/media\/14762"}],"wp:attachment":[{"href":"https:\/\/ozince.com\/magaza\/wp-json\/wp\/v2\/media?parent=11267"}],"wp:term":[{"taxonomy":"product_brand","embeddable":true,"href":"https:\/\/ozince.com\/magaza\/wp-json\/wp\/v2\/product_brand?post=11267"},{"taxonomy":"product_cat","embeddable":true,"href":"https:\/\/ozince.com\/magaza\/wp-json\/wp\/v2\/product_cat?post=11267"},{"taxonomy":"product_tag","embeddable":true,"href":"https:\/\/ozince.com\/magaza\/wp-json\/wp\/v2\/product_tag?post=11267"}],"curies":[{"name":"wp","href":"https:\/\/api.w.org\/{rel}","templated":true}]}}