{"id":11264,"date":"2026-04-18T08:20:12","date_gmt":"2026-04-18T05:20:12","guid":{"rendered":"https:\/\/ozince.com\/magaza\/kategorilenmemis\/vr-61-37240-00-silindir-kapak-conta-astra-h-04-10-insignia-08-17-1-6-16v-a16let-a16xer\/"},"modified":"2026-04-18T08:20:13","modified_gmt":"2026-04-18T05:20:13","slug":"vr-61-37240-00-silindir-kapak-conta-astra-h-04-10-insignia-08-17-1-6-16v-a16let-a16xer","status":"publish","type":"product","link":"https:\/\/ozince.com\/magaza\/motor-mekanik-urunleri\/vr-61-37240-00-silindir-kapak-conta-astra-h-04-10-insignia-08-17-1-6-16v-a16let-a16xer\/","title":{"rendered":"VR-61-37240-00 S\u0130L\u0130ND\u0130R KAPAK CONTA ASTRA H 04-10 \/ INSIGNIA 08-17 \/ 1.6 16V (A16LET-A16XER)"},"content":{"rendered":"","protected":false},"excerpt":{"rendered":"","protected":false},"featured_media":14574,"template":"","meta":[],"product_brand":[422],"product_cat":[298],"product_tag":[378],"class_list":{"0":"post-11264","1":"product","2":"type-product","3":"status-publish","4":"has-post-thumbnail","6":"arac_markasi_modeli-astra-h","7":"arac_markasi_modeli-opel","8":"product_brand-v-reinz","9":"product_cat-motor-mekanik-urunleri","10":"product_tag-altay","12":"first","13":"instock","14":"taxable","15":"shipping-taxable","16":"purchasable","17":"product-type-simple"},"jetpack_sharing_enabled":true,"_links":{"self":[{"href":"https:\/\/ozince.com\/magaza\/wp-json\/wp\/v2\/product\/11264","targetHints":{"allow":["GET"]}}],"collection":[{"href":"https:\/\/ozince.com\/magaza\/wp-json\/wp\/v2\/product"}],"about":[{"href":"https:\/\/ozince.com\/magaza\/wp-json\/wp\/v2\/types\/product"}],"wp:featuredmedia":[{"embeddable":true,"href":"https:\/\/ozince.com\/magaza\/wp-json\/wp\/v2\/media\/14574"}],"wp:attachment":[{"href":"https:\/\/ozince.com\/magaza\/wp-json\/wp\/v2\/media?parent=11264"}],"wp:term":[{"taxonomy":"product_brand","embeddable":true,"href":"https:\/\/ozince.com\/magaza\/wp-json\/wp\/v2\/product_brand?post=11264"},{"taxonomy":"product_cat","embeddable":true,"href":"https:\/\/ozince.com\/magaza\/wp-json\/wp\/v2\/product_cat?post=11264"},{"taxonomy":"product_tag","embeddable":true,"href":"https:\/\/ozince.com\/magaza\/wp-json\/wp\/v2\/product_tag?post=11264"}],"curies":[{"name":"wp","href":"https:\/\/api.w.org\/{rel}","templated":true}]}}