{"id":11254,"date":"2026-04-05T08:16:52","date_gmt":"2026-04-05T05:16:52","guid":{"rendered":"https:\/\/ozince.com\/magaza\/kategorilenmemis\/tpr-200444001-amortisor-kule-takozu-astra-f-91-01-on-sag-sol\/"},"modified":"2026-04-05T08:16:52","modified_gmt":"2026-04-05T05:16:52","slug":"tpr-200444001-amortisor-kule-takozu-astra-f-91-01-on-sag-sol","status":"publish","type":"product","link":"https:\/\/ozince.com\/magaza\/alt-takim-urunleri\/tpr-200444001-amortisor-kule-takozu-astra-f-91-01-on-sag-sol\/","title":{"rendered":"TPR-200444001 AMORT\u0130S\u00d6R KULE TAKOZU ASTRA F 91-01 \u00d6N SA\u011e-SOL"},"content":{"rendered":"","protected":false},"excerpt":{"rendered":"","protected":false},"featured_media":0,"template":"","meta":[],"product_brand":[336],"product_cat":[382],"product_tag":[378],"class_list":{"0":"post-11254","1":"product","2":"type-product","3":"status-publish","5":"arac_markasi_modeli-astra-f","6":"arac_markasi_modeli-opel","7":"product_brand-topran","8":"product_cat-alt-takim-urunleri","9":"product_tag-altay","11":"first","12":"outofstock","13":"taxable","14":"shipping-taxable","15":"purchasable","16":"product-type-simple"},"jetpack_sharing_enabled":true,"_links":{"self":[{"href":"https:\/\/ozince.com\/magaza\/wp-json\/wp\/v2\/product\/11254","targetHints":{"allow":["GET"]}}],"collection":[{"href":"https:\/\/ozince.com\/magaza\/wp-json\/wp\/v2\/product"}],"about":[{"href":"https:\/\/ozince.com\/magaza\/wp-json\/wp\/v2\/types\/product"}],"wp:attachment":[{"href":"https:\/\/ozince.com\/magaza\/wp-json\/wp\/v2\/media?parent=11254"}],"wp:term":[{"taxonomy":"product_brand","embeddable":true,"href":"https:\/\/ozince.com\/magaza\/wp-json\/wp\/v2\/product_brand?post=11254"},{"taxonomy":"product_cat","embeddable":true,"href":"https:\/\/ozince.com\/magaza\/wp-json\/wp\/v2\/product_cat?post=11254"},{"taxonomy":"product_tag","embeddable":true,"href":"https:\/\/ozince.com\/magaza\/wp-json\/wp\/v2\/product_tag?post=11254"}],"curies":[{"name":"wp","href":"https:\/\/api.w.org\/{rel}","templated":true}]}}