{"id":11228,"date":"2026-04-08T08:14:40","date_gmt":"2026-04-08T05:14:40","guid":{"rendered":"https:\/\/ozince.com\/magaza\/kategorilenmemis\/fae-33480-musur-hararet-astra-g-astra-h-corsa-b-corsa-c-vectra-b-96-x12xe-x14xe-x16xel-z12xe-x20dtl-x20dth-y22dtr-x22dth-y22dth-beyaz\/"},"modified":"2026-04-08T08:14:41","modified_gmt":"2026-04-08T05:14:41","slug":"fae-33480-musur-hararet-astra-g-astra-h-corsa-b-corsa-c-vectra-b-96-x12xe-x14xe-x16xel-z12xe-x20dtl-x20dth-y22dtr-x22dth-y22dth-beyaz","status":"publish","type":"product","link":"https:\/\/ozince.com\/magaza\/sensor-ve-elektrik-urunleri\/fae-33480-musur-hararet-astra-g-astra-h-corsa-b-corsa-c-vectra-b-96-x12xe-x14xe-x16xel-z12xe-x20dtl-x20dth-y22dtr-x22dth-y22dth-beyaz\/","title":{"rendered":"FAE-33480 M\u00dc\u015e\u00dcR HARARET ASTRA G \/ ASTRA H \/ CORSA B \/ CORSA C \/ VECTRA B 96= X12XE-X14XE-X16XEL-Z12XE-X20DTL-X20DTH-Y22DTR-X22DTH-Y22DTH BEYAZ"},"content":{"rendered":"","protected":false},"excerpt":{"rendered":"","protected":false},"featured_media":0,"template":"","meta":[],"product_brand":[428],"product_cat":[374],"product_tag":[378],"class_list":{"0":"post-11228","1":"product","2":"type-product","3":"status-publish","5":"arac_markasi_modeli-astra-g","6":"arac_markasi_modeli-astra-h","7":"arac_markasi_modeli-corsa-b","8":"arac_markasi_modeli-corsa-c","9":"arac_markasi_modeli-opel","10":"arac_markasi_modeli-vectra-b","11":"product_brand-fae","12":"product_cat-sensor-ve-elektrik-urunleri","13":"product_tag-altay","15":"first","16":"outofstock","17":"taxable","18":"shipping-taxable","19":"purchasable","20":"product-type-simple"},"jetpack_sharing_enabled":true,"_links":{"self":[{"href":"https:\/\/ozince.com\/magaza\/wp-json\/wp\/v2\/product\/11228","targetHints":{"allow":["GET"]}}],"collection":[{"href":"https:\/\/ozince.com\/magaza\/wp-json\/wp\/v2\/product"}],"about":[{"href":"https:\/\/ozince.com\/magaza\/wp-json\/wp\/v2\/types\/product"}],"wp:attachment":[{"href":"https:\/\/ozince.com\/magaza\/wp-json\/wp\/v2\/media?parent=11228"}],"wp:term":[{"taxonomy":"product_brand","embeddable":true,"href":"https:\/\/ozince.com\/magaza\/wp-json\/wp\/v2\/product_brand?post=11228"},{"taxonomy":"product_cat","embeddable":true,"href":"https:\/\/ozince.com\/magaza\/wp-json\/wp\/v2\/product_cat?post=11228"},{"taxonomy":"product_tag","embeddable":true,"href":"https:\/\/ozince.com\/magaza\/wp-json\/wp\/v2\/product_tag?post=11228"}],"curies":[{"name":"wp","href":"https:\/\/api.w.org\/{rel}","templated":true}]}}