{"id":11199,"date":"2026-04-07T08:08:03","date_gmt":"2026-04-07T05:08:03","guid":{"rendered":"https:\/\/ozince.com\/magaza\/kategorilenmemis\/est-36044-eksantrik-mili-astra-f-vectra-a-vectra-b-omega-b-frontera-b-x20xev-x22xev-egzoz-dislili\/"},"modified":"2026-04-07T08:08:03","modified_gmt":"2026-04-07T05:08:03","slug":"est-36044-eksantrik-mili-astra-f-vectra-a-vectra-b-omega-b-frontera-b-x20xev-x22xev-egzoz-dislili","status":"publish","type":"product","link":"https:\/\/ozince.com\/magaza\/motor-mekanik-urunleri\/est-36044-eksantrik-mili-astra-f-vectra-a-vectra-b-omega-b-frontera-b-x20xev-x22xev-egzoz-dislili\/","title":{"rendered":"EST-36044 EKSANTR\u0130K M\u0130L\u0130 ASTRA F \/ VECTRA A \/ VECTRA B \/ OMEGA B \/ FRONTERA B X20XEV-X22XEV EGZOZ D\u0130\u015eL\u0130L\u0130"},"content":{"rendered":"","protected":false},"excerpt":{"rendered":"","protected":false},"featured_media":15080,"template":"","meta":[],"product_brand":[447],"product_cat":[298],"product_tag":[378],"class_list":{"0":"post-11199","1":"product","2":"type-product","3":"status-publish","4":"has-post-thumbnail","6":"arac_markasi_modeli-astra-f","7":"arac_markasi_modeli-frontera","8":"arac_markasi_modeli-frontera-b","9":"arac_markasi_modeli-omega-b","10":"arac_markasi_modeli-opel","11":"arac_markasi_modeli-vectra-a","12":"arac_markasi_modeli-vectra-b","13":"product_brand-estas","14":"product_cat-motor-mekanik-urunleri","15":"product_tag-altay","17":"first","18":"instock","19":"taxable","20":"shipping-taxable","21":"purchasable","22":"product-type-simple"},"jetpack_sharing_enabled":true,"_links":{"self":[{"href":"https:\/\/ozince.com\/magaza\/wp-json\/wp\/v2\/product\/11199","targetHints":{"allow":["GET"]}}],"collection":[{"href":"https:\/\/ozince.com\/magaza\/wp-json\/wp\/v2\/product"}],"about":[{"href":"https:\/\/ozince.com\/magaza\/wp-json\/wp\/v2\/types\/product"}],"wp:featuredmedia":[{"embeddable":true,"href":"https:\/\/ozince.com\/magaza\/wp-json\/wp\/v2\/media\/15080"}],"wp:attachment":[{"href":"https:\/\/ozince.com\/magaza\/wp-json\/wp\/v2\/media?parent=11199"}],"wp:term":[{"taxonomy":"product_brand","embeddable":true,"href":"https:\/\/ozince.com\/magaza\/wp-json\/wp\/v2\/product_brand?post=11199"},{"taxonomy":"product_cat","embeddable":true,"href":"https:\/\/ozince.com\/magaza\/wp-json\/wp\/v2\/product_cat?post=11199"},{"taxonomy":"product_tag","embeddable":true,"href":"https:\/\/ozince.com\/magaza\/wp-json\/wp\/v2\/product_tag?post=11199"}],"curies":[{"name":"wp","href":"https:\/\/api.w.org\/{rel}","templated":true}]}}