{"id":11196,"date":"2026-04-13T08:22:05","date_gmt":"2026-04-13T05:22:05","guid":{"rendered":"https:\/\/ozince.com\/magaza\/kategorilenmemis\/uce-95131-hortum-kalorifer-corsa-c-combo-c-meriva-a-z13dt-giris\/"},"modified":"2026-04-13T08:22:06","modified_gmt":"2026-04-13T05:22:06","slug":"mhr-36381-hortum-kalorifer-corsa-c-combo-c-meriva-a-z13dt-giris","status":"publish","type":"product","link":"https:\/\/ozince.com\/magaza\/motor-sogutma-ve-radyator-urunleri\/mhr-36381-hortum-kalorifer-corsa-c-combo-c-meriva-a-z13dt-giris\/","title":{"rendered":"MHR-36381 HORTUM KALOR\u0130FER CORSA C \/ COMBO C \/ MER\u0130VA A Z13DT G\u0130R\u0130\u015e"},"content":{"rendered":"","protected":false},"excerpt":{"rendered":"","protected":false},"featured_media":0,"template":"","meta":[],"product_brand":[288],"product_cat":[324],"product_tag":[378],"class_list":{"0":"post-11196","1":"product","2":"type-product","3":"status-publish","5":"arac_markasi_modeli-combo-c","6":"arac_markasi_modeli-corsa-c","7":"arac_markasi_modeli-meriva","8":"arac_markasi_modeli-meriva-a","9":"arac_markasi_modeli-opel","10":"product_brand-maher","11":"product_cat-motor-sogutma-ve-radyator-urunleri","12":"product_tag-altay","14":"first","15":"instock","16":"taxable","17":"shipping-taxable","18":"purchasable","19":"product-type-simple"},"jetpack_sharing_enabled":true,"_links":{"self":[{"href":"https:\/\/ozince.com\/magaza\/wp-json\/wp\/v2\/product\/11196","targetHints":{"allow":["GET"]}}],"collection":[{"href":"https:\/\/ozince.com\/magaza\/wp-json\/wp\/v2\/product"}],"about":[{"href":"https:\/\/ozince.com\/magaza\/wp-json\/wp\/v2\/types\/product"}],"wp:attachment":[{"href":"https:\/\/ozince.com\/magaza\/wp-json\/wp\/v2\/media?parent=11196"}],"wp:term":[{"taxonomy":"product_brand","embeddable":true,"href":"https:\/\/ozince.com\/magaza\/wp-json\/wp\/v2\/product_brand?post=11196"},{"taxonomy":"product_cat","embeddable":true,"href":"https:\/\/ozince.com\/magaza\/wp-json\/wp\/v2\/product_cat?post=11196"},{"taxonomy":"product_tag","embeddable":true,"href":"https:\/\/ozince.com\/magaza\/wp-json\/wp\/v2\/product_tag?post=11196"}],"curies":[{"name":"wp","href":"https:\/\/api.w.org\/{rel}","templated":true}]}}