{"id":11181,"date":"2026-04-08T08:06:11","date_gmt":"2026-04-08T05:06:11","guid":{"rendered":"https:\/\/ozince.com\/magaza\/kategorilenmemis\/gkn-306057-aks-mili-astra-j-a-t-sag-a14net-a16xer-b16xer-b14net\/"},"modified":"2026-04-08T08:06:11","modified_gmt":"2026-04-08T05:06:11","slug":"gkn-306057-aks-mili-astra-j-a-t-sag-a14net-a16xer-b16xer-b14net","status":"publish","type":"product","link":"https:\/\/ozince.com\/magaza\/aks-urunleri\/gkn-306057-aks-mili-astra-j-a-t-sag-a14net-a16xer-b16xer-b14net\/","title":{"rendered":"GKN-306057 AKS M\u0130L\u0130 ASTRA J A.T SA\u011e A14NET-A16XER-B16XER-B14NET"},"content":{"rendered":"","protected":false},"excerpt":{"rendered":"","protected":false},"featured_media":13730,"template":"","meta":[],"product_brand":[450],"product_cat":[379],"product_tag":[378],"class_list":{"0":"post-11181","1":"product","2":"type-product","3":"status-publish","4":"has-post-thumbnail","6":"arac_markasi_modeli-astra-j","7":"arac_markasi_modeli-opel","8":"product_brand-lobrogkn","9":"product_cat-aks-urunleri","10":"product_tag-altay","12":"first","13":"instock","14":"taxable","15":"shipping-taxable","16":"purchasable","17":"product-type-simple"},"jetpack_sharing_enabled":true,"_links":{"self":[{"href":"https:\/\/ozince.com\/magaza\/wp-json\/wp\/v2\/product\/11181","targetHints":{"allow":["GET"]}}],"collection":[{"href":"https:\/\/ozince.com\/magaza\/wp-json\/wp\/v2\/product"}],"about":[{"href":"https:\/\/ozince.com\/magaza\/wp-json\/wp\/v2\/types\/product"}],"wp:featuredmedia":[{"embeddable":true,"href":"https:\/\/ozince.com\/magaza\/wp-json\/wp\/v2\/media\/13730"}],"wp:attachment":[{"href":"https:\/\/ozince.com\/magaza\/wp-json\/wp\/v2\/media?parent=11181"}],"wp:term":[{"taxonomy":"product_brand","embeddable":true,"href":"https:\/\/ozince.com\/magaza\/wp-json\/wp\/v2\/product_brand?post=11181"},{"taxonomy":"product_cat","embeddable":true,"href":"https:\/\/ozince.com\/magaza\/wp-json\/wp\/v2\/product_cat?post=11181"},{"taxonomy":"product_tag","embeddable":true,"href":"https:\/\/ozince.com\/magaza\/wp-json\/wp\/v2\/product_tag?post=11181"}],"curies":[{"name":"wp","href":"https:\/\/api.w.org\/{rel}","templated":true}]}}