{"id":11173,"date":"2026-04-10T08:15:23","date_gmt":"2026-04-10T05:15:23","guid":{"rendered":"https:\/\/ozince.com\/magaza\/kategorilenmemis\/snr-r15363-teker-poryasi-insignia-a-on-arka-sag-sol-5-bijon-absli-a14net-b14net-a16xer-b16dth-a16xht-b16shl-a18xer-b18xer-a16let-a20dth-b20dth\/"},"modified":"2026-04-10T08:15:23","modified_gmt":"2026-04-10T05:15:23","slug":"snr-r15358-teker-poryasi-insignia-a-on-arka-sag-sol-5-bijon-absli-a14net-b14net-a16xer-b16dth-a16xht-b16shl-a18xer-b18xer-a16let-a20dth-b20dth","status":"publish","type":"product","link":"https:\/\/ozince.com\/magaza\/aks-urunleri\/snr-r15358-teker-poryasi-insignia-a-on-arka-sag-sol-5-bijon-absli-a14net-b14net-a16xer-b16dth-a16xht-b16shl-a18xer-b18xer-a16let-a20dth-b20dth\/","title":{"rendered":"SNR-R15358 TEKER PORYASI INSIGNIA A \u00d6N-ARKA-SA\u011e-SOL 5 B\u0130JON ABSL\u0130 A14NET-B14NET-A16XER-B16DTH-A16XHT-B16SHL-A18XER-B18XER-A16LET-A20DTH-B20DTH"},"content":{"rendered":"","protected":false},"excerpt":{"rendered":"","protected":false},"featured_media":14621,"template":"","meta":[],"product_brand":[308],"product_cat":[379],"product_tag":[378],"class_list":{"0":"post-11173","1":"product","2":"type-product","3":"status-publish","4":"has-post-thumbnail","6":"arac_markasi_modeli-insignia-a","7":"arac_markasi_modeli-opel","8":"product_brand-snr","9":"product_cat-aks-urunleri","10":"product_tag-altay","12":"first","13":"instock","14":"taxable","15":"shipping-taxable","16":"purchasable","17":"product-type-simple"},"jetpack_sharing_enabled":true,"_links":{"self":[{"href":"https:\/\/ozince.com\/magaza\/wp-json\/wp\/v2\/product\/11173","targetHints":{"allow":["GET"]}}],"collection":[{"href":"https:\/\/ozince.com\/magaza\/wp-json\/wp\/v2\/product"}],"about":[{"href":"https:\/\/ozince.com\/magaza\/wp-json\/wp\/v2\/types\/product"}],"wp:featuredmedia":[{"embeddable":true,"href":"https:\/\/ozince.com\/magaza\/wp-json\/wp\/v2\/media\/14621"}],"wp:attachment":[{"href":"https:\/\/ozince.com\/magaza\/wp-json\/wp\/v2\/media?parent=11173"}],"wp:term":[{"taxonomy":"product_brand","embeddable":true,"href":"https:\/\/ozince.com\/magaza\/wp-json\/wp\/v2\/product_brand?post=11173"},{"taxonomy":"product_cat","embeddable":true,"href":"https:\/\/ozince.com\/magaza\/wp-json\/wp\/v2\/product_cat?post=11173"},{"taxonomy":"product_tag","embeddable":true,"href":"https:\/\/ozince.com\/magaza\/wp-json\/wp\/v2\/product_tag?post=11173"}],"curies":[{"name":"wp","href":"https:\/\/api.w.org\/{rel}","templated":true}]}}