{"id":11153,"date":"2026-03-05T08:07:02","date_gmt":"2026-03-05T05:07:02","guid":{"rendered":"https:\/\/ozince.com\/magaza\/kategorilenmemis\/cfa-101-969-fren-silindiri-fiat-doblo-opel-combo-d-kampana-capi-254mm-aluminyum-254mm-arka-sol-sag\/"},"modified":"2026-03-05T08:07:03","modified_gmt":"2026-03-05T05:07:03","slug":"cfa-101-969-fren-silindiri-fiat-doblo-opel-combo-d-kampana-capi-254mm-aluminyum-254mm-arka-sol-sag","status":"publish","type":"product","link":"https:\/\/ozince.com\/magaza\/fren-sistemi-urunleri\/cfa-101-969-fren-silindiri-fiat-doblo-opel-combo-d-kampana-capi-254mm-aluminyum-254mm-arka-sol-sag\/","title":{"rendered":"CFA-101-969 FREN S\u0130L\u0130ND\u0130R\u0130 FIAT DOBLO \/ OPEL COMBO D KAMPANA \u00c7API 254mm ALUM\u0130NYUM 25,4mm ARKA SOL-SA\u011e"},"content":{"rendered":"","protected":false},"excerpt":{"rendered":"","protected":false},"featured_media":0,"template":"","meta":[],"product_brand":[446],"product_cat":[257],"product_tag":[378],"class_list":{"0":"post-11153","1":"product","2":"type-product","3":"status-publish","5":"arac_markasi_modeli-combo-d","6":"arac_markasi_modeli-opel","7":"product_brand-cifam","8":"product_cat-fren-sistemi-urunleri","9":"product_tag-altay","11":"first","12":"instock","13":"taxable","14":"shipping-taxable","15":"purchasable","16":"product-type-simple"},"jetpack_sharing_enabled":true,"_links":{"self":[{"href":"https:\/\/ozince.com\/magaza\/wp-json\/wp\/v2\/product\/11153","targetHints":{"allow":["GET"]}}],"collection":[{"href":"https:\/\/ozince.com\/magaza\/wp-json\/wp\/v2\/product"}],"about":[{"href":"https:\/\/ozince.com\/magaza\/wp-json\/wp\/v2\/types\/product"}],"wp:attachment":[{"href":"https:\/\/ozince.com\/magaza\/wp-json\/wp\/v2\/media?parent=11153"}],"wp:term":[{"taxonomy":"product_brand","embeddable":true,"href":"https:\/\/ozince.com\/magaza\/wp-json\/wp\/v2\/product_brand?post=11153"},{"taxonomy":"product_cat","embeddable":true,"href":"https:\/\/ozince.com\/magaza\/wp-json\/wp\/v2\/product_cat?post=11153"},{"taxonomy":"product_tag","embeddable":true,"href":"https:\/\/ozince.com\/magaza\/wp-json\/wp\/v2\/product_tag?post=11153"}],"curies":[{"name":"wp","href":"https:\/\/api.w.org\/{rel}","templated":true}]}}