{"id":11149,"date":"2026-04-07T08:07:47","date_gmt":"2026-04-07T05:07:47","guid":{"rendered":"https:\/\/ozince.com\/magaza\/kategorilenmemis\/est-36020-eksantrik-mili-astra-f-combo-b-corsa-b-astra-f-c14se\/"},"modified":"2026-04-07T08:07:48","modified_gmt":"2026-04-07T05:07:48","slug":"est-36020-eksantrik-mili-astra-f-combo-b-corsa-b-astra-f-c14se","status":"publish","type":"product","link":"https:\/\/ozince.com\/magaza\/motor-mekanik-urunleri\/est-36020-eksantrik-mili-astra-f-combo-b-corsa-b-astra-f-c14se\/","title":{"rendered":"EST-36020 EKSANTR\u0130K M\u0130L\u0130 ASTRA F \/ COMBO B \/ CORSA B \/ ASTRA F C14SE"},"content":{"rendered":"","protected":false},"excerpt":{"rendered":"","protected":false},"featured_media":15076,"template":"","meta":[],"product_brand":[447],"product_cat":[298],"product_tag":[378],"class_list":{"0":"post-11149","1":"product","2":"type-product","3":"status-publish","4":"has-post-thumbnail","6":"arac_markasi_modeli-astra-f","7":"arac_markasi_modeli-corsa-b","8":"arac_markasi_modeli-opel","9":"product_brand-estas","10":"product_cat-motor-mekanik-urunleri","11":"product_tag-altay","13":"first","14":"instock","15":"taxable","16":"shipping-taxable","17":"purchasable","18":"product-type-simple"},"jetpack_sharing_enabled":true,"_links":{"self":[{"href":"https:\/\/ozince.com\/magaza\/wp-json\/wp\/v2\/product\/11149","targetHints":{"allow":["GET"]}}],"collection":[{"href":"https:\/\/ozince.com\/magaza\/wp-json\/wp\/v2\/product"}],"about":[{"href":"https:\/\/ozince.com\/magaza\/wp-json\/wp\/v2\/types\/product"}],"wp:featuredmedia":[{"embeddable":true,"href":"https:\/\/ozince.com\/magaza\/wp-json\/wp\/v2\/media\/15076"}],"wp:attachment":[{"href":"https:\/\/ozince.com\/magaza\/wp-json\/wp\/v2\/media?parent=11149"}],"wp:term":[{"taxonomy":"product_brand","embeddable":true,"href":"https:\/\/ozince.com\/magaza\/wp-json\/wp\/v2\/product_brand?post=11149"},{"taxonomy":"product_cat","embeddable":true,"href":"https:\/\/ozince.com\/magaza\/wp-json\/wp\/v2\/product_cat?post=11149"},{"taxonomy":"product_tag","embeddable":true,"href":"https:\/\/ozince.com\/magaza\/wp-json\/wp\/v2\/product_tag?post=11149"}],"curies":[{"name":"wp","href":"https:\/\/api.w.org\/{rel}","templated":true}]}}