{"id":11133,"date":"2026-03-05T08:05:56","date_gmt":"2026-03-05T05:05:56","guid":{"rendered":"https:\/\/ozince.com\/magaza\/kategorilenmemis\/flt-oe670-yag-filtresi-albea-doblo-palio-fiorino-g-punto-astra-h-corsa-combo-z13dth-z13dtj-tirnakli-tip\/"},"modified":"2026-03-05T08:05:56","modified_gmt":"2026-03-05T05:05:56","slug":"flt-oe670-yag-filtresi-albea-doblo-palio-fiorino-g-punto-astra-h-corsa-combo-z13dth-z13dtj-tirnakli-tip","status":"publish","type":"product","link":"https:\/\/ozince.com\/magaza\/periyodik-bakim-ve-filtre-urunleri\/flt-oe670-yag-filtresi-albea-doblo-palio-fiorino-g-punto-astra-h-corsa-combo-z13dth-z13dtj-tirnakli-tip\/","title":{"rendered":"FLT-OE670 YA\u011e F\u0130LTRES\u0130 ALBEA \/ DOBLO \/ PALIO \/ FIORINO \/ G.PUNTO \/ ASTRA H \/ CORSA \/ COMBO Z13DTH-Z13DTJ (TIRNAKLI T\u0130P)"},"content":{"rendered":"","protected":false},"excerpt":{"rendered":"","protected":false},"featured_media":13193,"template":"","meta":[],"product_brand":[196],"product_cat":[352],"product_tag":[378],"class_list":{"0":"post-11133","1":"product","2":"type-product","3":"status-publish","4":"has-post-thumbnail","6":"arac_markasi_modeli-astra-h","7":"arac_markasi_modeli-opel","8":"product_brand-filtron","9":"product_cat-periyodik-bakim-ve-filtre-urunleri","10":"product_tag-altay","12":"first","13":"instock","14":"taxable","15":"shipping-taxable","16":"purchasable","17":"product-type-simple"},"jetpack_sharing_enabled":true,"_links":{"self":[{"href":"https:\/\/ozince.com\/magaza\/wp-json\/wp\/v2\/product\/11133","targetHints":{"allow":["GET"]}}],"collection":[{"href":"https:\/\/ozince.com\/magaza\/wp-json\/wp\/v2\/product"}],"about":[{"href":"https:\/\/ozince.com\/magaza\/wp-json\/wp\/v2\/types\/product"}],"wp:featuredmedia":[{"embeddable":true,"href":"https:\/\/ozince.com\/magaza\/wp-json\/wp\/v2\/media\/13193"}],"wp:attachment":[{"href":"https:\/\/ozince.com\/magaza\/wp-json\/wp\/v2\/media?parent=11133"}],"wp:term":[{"taxonomy":"product_brand","embeddable":true,"href":"https:\/\/ozince.com\/magaza\/wp-json\/wp\/v2\/product_brand?post=11133"},{"taxonomy":"product_cat","embeddable":true,"href":"https:\/\/ozince.com\/magaza\/wp-json\/wp\/v2\/product_cat?post=11133"},{"taxonomy":"product_tag","embeddable":true,"href":"https:\/\/ozince.com\/magaza\/wp-json\/wp\/v2\/product_tag?post=11133"}],"curies":[{"name":"wp","href":"https:\/\/api.w.org\/{rel}","templated":true}]}}