{"id":11131,"date":"2026-03-05T08:05:54","date_gmt":"2026-03-05T05:05:54","guid":{"rendered":"https:\/\/ozince.com\/magaza\/kategorilenmemis\/del-ss10727-12b1-sensor-eksantrik-devir-fiat-doblo-linea-punto-panda-fiorino-opel-astra-h-corsa-c-corsa-d-z13dtj-z13dth\/"},"modified":"2026-03-05T08:05:55","modified_gmt":"2026-03-05T05:05:55","slug":"del-ss10727-12b1-sensor-eksantrik-devir-fiat-doblo-linea-punto-panda-fiorino-opel-astra-h-corsa-c-corsa-d-z13dtj-z13dth","status":"publish","type":"product","link":"https:\/\/ozince.com\/magaza\/sensor-ve-elektrik-urunleri\/del-ss10727-12b1-sensor-eksantrik-devir-fiat-doblo-linea-punto-panda-fiorino-opel-astra-h-corsa-c-corsa-d-z13dtj-z13dth\/","title":{"rendered":"DEL-SS10727-12B1 SENS\u00d6R EKSANTR\u0130K DEV\u0130R FIAT DOBLO \/ LINEA \/ PUNTO \/ PANDA \/ FIORINO OPEL ASTRA H \/ CORSA C \/ CORSA D Z13DTJ-Z13DTH"},"content":{"rendered":"","protected":false},"excerpt":{"rendered":"","protected":false},"featured_media":14995,"template":"","meta":[],"product_brand":[236],"product_cat":[374],"product_tag":[378],"class_list":{"0":"post-11131","1":"product","2":"type-product","3":"status-publish","4":"has-post-thumbnail","6":"arac_markasi_modeli-astra-h","7":"arac_markasi_modeli-corsa-c","8":"arac_markasi_modeli-corsa-d","9":"arac_markasi_modeli-opel","10":"product_brand-delphi","11":"product_cat-sensor-ve-elektrik-urunleri","12":"product_tag-altay","14":"first","15":"instock","16":"taxable","17":"shipping-taxable","18":"purchasable","19":"product-type-simple"},"jetpack_sharing_enabled":true,"_links":{"self":[{"href":"https:\/\/ozince.com\/magaza\/wp-json\/wp\/v2\/product\/11131","targetHints":{"allow":["GET"]}}],"collection":[{"href":"https:\/\/ozince.com\/magaza\/wp-json\/wp\/v2\/product"}],"about":[{"href":"https:\/\/ozince.com\/magaza\/wp-json\/wp\/v2\/types\/product"}],"wp:featuredmedia":[{"embeddable":true,"href":"https:\/\/ozince.com\/magaza\/wp-json\/wp\/v2\/media\/14995"}],"wp:attachment":[{"href":"https:\/\/ozince.com\/magaza\/wp-json\/wp\/v2\/media?parent=11131"}],"wp:term":[{"taxonomy":"product_brand","embeddable":true,"href":"https:\/\/ozince.com\/magaza\/wp-json\/wp\/v2\/product_brand?post=11131"},{"taxonomy":"product_cat","embeddable":true,"href":"https:\/\/ozince.com\/magaza\/wp-json\/wp\/v2\/product_cat?post=11131"},{"taxonomy":"product_tag","embeddable":true,"href":"https:\/\/ozince.com\/magaza\/wp-json\/wp\/v2\/product_tag?post=11131"}],"curies":[{"name":"wp","href":"https:\/\/api.w.org\/{rel}","templated":true}]}}