{"id":11129,"date":"2026-04-10T08:15:24","date_gmt":"2026-04-10T05:15:24","guid":{"rendered":"https:\/\/ozince.com\/magaza\/kategorilenmemis\/elr-825-345-silindir-kapak-conta-astra-f-91-98-corsa-b-93-00-1-4-8v-c14nz-x14nz-x14sz\/"},"modified":"2026-04-10T08:15:25","modified_gmt":"2026-04-10T05:15:25","slug":"vr-61-28135-00-silindir-kapak-conta-astra-f-91-98-corsa-b-93-00-1-4-8v-c14nz-x14nz-x14sz","status":"publish","type":"product","link":"https:\/\/ozince.com\/magaza\/motor-mekanik-urunleri\/vr-61-28135-00-silindir-kapak-conta-astra-f-91-98-corsa-b-93-00-1-4-8v-c14nz-x14nz-x14sz\/","title":{"rendered":"VR-61-28135-00 S\u0130L\u0130ND\u0130R KAPAK CONTA ASTRA F  91-98 \/ CORSA B 93-00 \/ 1.4 8V (C14NZ-X14NZ-X14SZ)"},"content":{"rendered":"","protected":false},"excerpt":{"rendered":"","protected":false},"featured_media":15854,"template":"","meta":[],"product_brand":[422],"product_cat":[298],"product_tag":[378],"class_list":{"0":"post-11129","1":"product","2":"type-product","3":"status-publish","4":"has-post-thumbnail","6":"arac_markasi_modeli-astra-f","7":"arac_markasi_modeli-corsa-b","8":"arac_markasi_modeli-opel","9":"product_brand-v-reinz","10":"product_cat-motor-mekanik-urunleri","11":"product_tag-altay","13":"first","14":"outofstock","15":"taxable","16":"shipping-taxable","17":"purchasable","18":"product-type-simple"},"jetpack_sharing_enabled":true,"_links":{"self":[{"href":"https:\/\/ozince.com\/magaza\/wp-json\/wp\/v2\/product\/11129","targetHints":{"allow":["GET"]}}],"collection":[{"href":"https:\/\/ozince.com\/magaza\/wp-json\/wp\/v2\/product"}],"about":[{"href":"https:\/\/ozince.com\/magaza\/wp-json\/wp\/v2\/types\/product"}],"wp:featuredmedia":[{"embeddable":true,"href":"https:\/\/ozince.com\/magaza\/wp-json\/wp\/v2\/media\/15854"}],"wp:attachment":[{"href":"https:\/\/ozince.com\/magaza\/wp-json\/wp\/v2\/media?parent=11129"}],"wp:term":[{"taxonomy":"product_brand","embeddable":true,"href":"https:\/\/ozince.com\/magaza\/wp-json\/wp\/v2\/product_brand?post=11129"},{"taxonomy":"product_cat","embeddable":true,"href":"https:\/\/ozince.com\/magaza\/wp-json\/wp\/v2\/product_cat?post=11129"},{"taxonomy":"product_tag","embeddable":true,"href":"https:\/\/ozince.com\/magaza\/wp-json\/wp\/v2\/product_tag?post=11129"}],"curies":[{"name":"wp","href":"https:\/\/api.w.org\/{rel}","templated":true}]}}