{"id":11126,"date":"2026-04-06T08:08:41","date_gmt":"2026-04-06T05:08:41","guid":{"rendered":"https:\/\/ozince.com\/magaza\/kategorilenmemis\/tyv-vm3010ebpfl-ayna-dis-dikiz-opel-corsa-f-19-peugeot-208-19-elektrikli-katlanir-astarli-isitmalisol\/"},"modified":"2026-04-06T08:08:42","modified_gmt":"2026-04-06T05:08:42","slug":"tyv-vm3010ebpfl-ayna-dis-dikiz-opel-corsa-f-19-peugeot-208-19-elektrikli-katlanir-astarli-isitmalisol","status":"publish","type":"product","link":"https:\/\/ozince.com\/magaza\/aksesuar-urunleri\/tyv-vm3010ebpfl-ayna-dis-dikiz-opel-corsa-f-19-peugeot-208-19-elektrikli-katlanir-astarli-isitmalisol\/","title":{"rendered":"TYV-VM3010EBPFL AYNA DI\u015e D\u0130K\u0130Z OPEL CORSA F 19= \/ PEUGEOT 208 19= (ELEKTR\u0130KL\u0130 KATLANIR-ASTARLI-ISITMALI)SOL"},"content":{"rendered":"","protected":false},"excerpt":{"rendered":"","protected":false},"featured_media":15692,"template":"","meta":[],"product_brand":[431],"product_cat":[401],"product_tag":[378],"class_list":{"0":"post-11126","1":"product","2":"type-product","3":"status-publish","4":"has-post-thumbnail","6":"arac_markasi_modeli-corsa-f","7":"arac_markasi_modeli-opel","8":"product_brand-viewmax","9":"product_cat-aksesuar-urunleri","10":"product_tag-altay","12":"first","13":"instock","14":"taxable","15":"shipping-taxable","16":"purchasable","17":"product-type-simple"},"jetpack_sharing_enabled":true,"_links":{"self":[{"href":"https:\/\/ozince.com\/magaza\/wp-json\/wp\/v2\/product\/11126","targetHints":{"allow":["GET"]}}],"collection":[{"href":"https:\/\/ozince.com\/magaza\/wp-json\/wp\/v2\/product"}],"about":[{"href":"https:\/\/ozince.com\/magaza\/wp-json\/wp\/v2\/types\/product"}],"wp:featuredmedia":[{"embeddable":true,"href":"https:\/\/ozince.com\/magaza\/wp-json\/wp\/v2\/media\/15692"}],"wp:attachment":[{"href":"https:\/\/ozince.com\/magaza\/wp-json\/wp\/v2\/media?parent=11126"}],"wp:term":[{"taxonomy":"product_brand","embeddable":true,"href":"https:\/\/ozince.com\/magaza\/wp-json\/wp\/v2\/product_brand?post=11126"},{"taxonomy":"product_cat","embeddable":true,"href":"https:\/\/ozince.com\/magaza\/wp-json\/wp\/v2\/product_cat?post=11126"},{"taxonomy":"product_tag","embeddable":true,"href":"https:\/\/ozince.com\/magaza\/wp-json\/wp\/v2\/product_tag?post=11126"}],"curies":[{"name":"wp","href":"https:\/\/api.w.org\/{rel}","templated":true}]}}