{"id":11114,"date":"2026-04-16T08:21:45","date_gmt":"2026-04-16T05:21:45","guid":{"rendered":"https:\/\/ozince.com\/magaza\/kategorilenmemis\/elr-458-170-silindir-kapak-conta-corsa-b-combo-b-vectra-b-x15dt-x17d-x17dt\/"},"modified":"2026-04-16T08:21:47","modified_gmt":"2026-04-16T05:21:47","slug":"vr-61-52775-20-silindir-kapak-conta-corsa-b-combo-b-vectra-b-x15dt-x17d-x17dt","status":"publish","type":"product","link":"https:\/\/ozince.com\/magaza\/motor-mekanik-urunleri\/vr-61-52775-20-silindir-kapak-conta-corsa-b-combo-b-vectra-b-x15dt-x17d-x17dt\/","title":{"rendered":"VR-61-52775-20 S\u0130L\u0130ND\u0130R KAPAK CONTA CORSA B \/ COMBO B \/ VECTRA B X15DT-X17D-X17DT"},"content":{"rendered":"","protected":false},"excerpt":{"rendered":"","protected":false},"featured_media":14585,"template":"","meta":[],"product_brand":[422],"product_cat":[298],"product_tag":[378],"class_list":{"0":"post-11114","1":"product","2":"type-product","3":"status-publish","4":"has-post-thumbnail","6":"arac_markasi_modeli-corsa-b","7":"arac_markasi_modeli-opel","8":"arac_markasi_modeli-vectra-b","9":"product_brand-v-reinz","10":"product_cat-motor-mekanik-urunleri","11":"product_tag-altay","13":"first","14":"instock","15":"taxable","16":"shipping-taxable","17":"purchasable","18":"product-type-simple"},"jetpack_sharing_enabled":true,"_links":{"self":[{"href":"https:\/\/ozince.com\/magaza\/wp-json\/wp\/v2\/product\/11114","targetHints":{"allow":["GET"]}}],"collection":[{"href":"https:\/\/ozince.com\/magaza\/wp-json\/wp\/v2\/product"}],"about":[{"href":"https:\/\/ozince.com\/magaza\/wp-json\/wp\/v2\/types\/product"}],"wp:featuredmedia":[{"embeddable":true,"href":"https:\/\/ozince.com\/magaza\/wp-json\/wp\/v2\/media\/14585"}],"wp:attachment":[{"href":"https:\/\/ozince.com\/magaza\/wp-json\/wp\/v2\/media?parent=11114"}],"wp:term":[{"taxonomy":"product_brand","embeddable":true,"href":"https:\/\/ozince.com\/magaza\/wp-json\/wp\/v2\/product_brand?post=11114"},{"taxonomy":"product_cat","embeddable":true,"href":"https:\/\/ozince.com\/magaza\/wp-json\/wp\/v2\/product_cat?post=11114"},{"taxonomy":"product_tag","embeddable":true,"href":"https:\/\/ozince.com\/magaza\/wp-json\/wp\/v2\/product_tag?post=11114"}],"curies":[{"name":"wp","href":"https:\/\/api.w.org\/{rel}","templated":true}]}}