{"id":11105,"date":"2026-04-07T08:07:35","date_gmt":"2026-04-07T05:07:35","guid":{"rendered":"https:\/\/ozince.com\/magaza\/kategorilenmemis\/vr-61-33495-00-silindir-kapak-conta-corsa-b-93-00-corsa-c-00-06-1-0-12v-z10xe\/"},"modified":"2026-04-07T08:07:37","modified_gmt":"2026-04-07T05:07:37","slug":"vr-61-33495-00-silindir-kapak-conta-corsa-b-93-00-corsa-c-00-06-1-0-12v-z10xe","status":"publish","type":"product","link":"https:\/\/ozince.com\/magaza\/motor-mekanik-urunleri\/vr-61-33495-00-silindir-kapak-conta-corsa-b-93-00-corsa-c-00-06-1-0-12v-z10xe\/","title":{"rendered":"VR-61-33495-00 S\u0130L\u0130ND\u0130R KAPAK CONTA CORSA B  93-00 \/ CORSA C 00-06 \/ 1.0 12V (Z10XE)"},"content":{"rendered":"","protected":false},"excerpt":{"rendered":"","protected":false},"featured_media":14088,"template":"","meta":[],"product_brand":[422],"product_cat":[298],"product_tag":[378],"class_list":{"0":"post-11105","1":"product","2":"type-product","3":"status-publish","4":"has-post-thumbnail","6":"arac_markasi_modeli-corsa-b","7":"arac_markasi_modeli-corsa-c","8":"arac_markasi_modeli-opel","9":"product_brand-v-reinz","10":"product_cat-motor-mekanik-urunleri","11":"product_tag-altay","13":"first","14":"outofstock","15":"taxable","16":"shipping-taxable","17":"purchasable","18":"product-type-simple"},"jetpack_sharing_enabled":true,"_links":{"self":[{"href":"https:\/\/ozince.com\/magaza\/wp-json\/wp\/v2\/product\/11105","targetHints":{"allow":["GET"]}}],"collection":[{"href":"https:\/\/ozince.com\/magaza\/wp-json\/wp\/v2\/product"}],"about":[{"href":"https:\/\/ozince.com\/magaza\/wp-json\/wp\/v2\/types\/product"}],"wp:featuredmedia":[{"embeddable":true,"href":"https:\/\/ozince.com\/magaza\/wp-json\/wp\/v2\/media\/14088"}],"wp:attachment":[{"href":"https:\/\/ozince.com\/magaza\/wp-json\/wp\/v2\/media?parent=11105"}],"wp:term":[{"taxonomy":"product_brand","embeddable":true,"href":"https:\/\/ozince.com\/magaza\/wp-json\/wp\/v2\/product_brand?post=11105"},{"taxonomy":"product_cat","embeddable":true,"href":"https:\/\/ozince.com\/magaza\/wp-json\/wp\/v2\/product_cat?post=11105"},{"taxonomy":"product_tag","embeddable":true,"href":"https:\/\/ozince.com\/magaza\/wp-json\/wp\/v2\/product_tag?post=11105"}],"curies":[{"name":"wp","href":"https:\/\/api.w.org\/{rel}","templated":true}]}}