{"id":11103,"date":"2026-05-15T08:09:35","date_gmt":"2026-05-15T05:09:35","guid":{"rendered":"https:\/\/ozince.com\/magaza\/kategorilenmemis\/ufi-24-one-03-yakit-filtresi-mazot-meriva-a-y13dt-z13dt-z13dtj-oem-orijinal-equipment-manufacturer\/"},"modified":"2026-05-15T08:09:35","modified_gmt":"2026-05-15T05:09:35","slug":"ufi-24-one-03-yakit-filtresi-mazot-meriva-a-y13dt-z13dt-z13dtj-oem-orijinal-equipment-manufacturer","status":"publish","type":"product","link":"https:\/\/ozince.com\/magaza\/periyodik-bakim-ve-filtre-urunleri\/ufi-24-one-03-yakit-filtresi-mazot-meriva-a-y13dt-z13dt-z13dtj-oem-orijinal-equipment-manufacturer\/","title":{"rendered":"UFI-24.ONE.03 YAKIT FILTRESI (MAZOT) MERIVA A Y13DT-Z13DT-Z13DTJ OEM (OR\u0130J\u0130NAL EQU\u0130PMENT MANUFACTURER)"},"content":{"rendered":"","protected":false},"excerpt":{"rendered":"","protected":false},"featured_media":13208,"template":"","meta":[],"product_brand":[442],"product_cat":[352],"product_tag":[378],"class_list":{"0":"post-11103","1":"product","2":"type-product","3":"status-publish","4":"has-post-thumbnail","6":"arac_markasi_modeli-meriva","7":"arac_markasi_modeli-meriva-a","8":"arac_markasi_modeli-opel","9":"product_brand-ufi","10":"product_cat-periyodik-bakim-ve-filtre-urunleri","11":"product_tag-altay","13":"first","14":"instock","15":"taxable","16":"shipping-taxable","17":"purchasable","18":"product-type-simple"},"jetpack_sharing_enabled":true,"_links":{"self":[{"href":"https:\/\/ozince.com\/magaza\/wp-json\/wp\/v2\/product\/11103","targetHints":{"allow":["GET"]}}],"collection":[{"href":"https:\/\/ozince.com\/magaza\/wp-json\/wp\/v2\/product"}],"about":[{"href":"https:\/\/ozince.com\/magaza\/wp-json\/wp\/v2\/types\/product"}],"wp:featuredmedia":[{"embeddable":true,"href":"https:\/\/ozince.com\/magaza\/wp-json\/wp\/v2\/media\/13208"}],"wp:attachment":[{"href":"https:\/\/ozince.com\/magaza\/wp-json\/wp\/v2\/media?parent=11103"}],"wp:term":[{"taxonomy":"product_brand","embeddable":true,"href":"https:\/\/ozince.com\/magaza\/wp-json\/wp\/v2\/product_brand?post=11103"},{"taxonomy":"product_cat","embeddable":true,"href":"https:\/\/ozince.com\/magaza\/wp-json\/wp\/v2\/product_cat?post=11103"},{"taxonomy":"product_tag","embeddable":true,"href":"https:\/\/ozince.com\/magaza\/wp-json\/wp\/v2\/product_tag?post=11103"}],"curies":[{"name":"wp","href":"https:\/\/api.w.org\/{rel}","templated":true}]}}