{"id":11094,"date":"2026-05-06T08:06:40","date_gmt":"2026-05-06T05:06:40","guid":{"rendered":"https:\/\/ozince.com\/magaza\/kategorilenmemis\/fae-38030-musur-fan-astra-f-corsa-b-vectra-a-vectra-b-3-fisli-yuvarlak\/"},"modified":"2026-05-06T08:06:41","modified_gmt":"2026-05-06T05:06:41","slug":"fae-38030-musur-fan-astra-f-corsa-b-vectra-a-vectra-b-3-fisli-yuvarlak","status":"publish","type":"product","link":"https:\/\/ozince.com\/magaza\/sensor-ve-elektrik-urunleri\/fae-38030-musur-fan-astra-f-corsa-b-vectra-a-vectra-b-3-fisli-yuvarlak\/","title":{"rendered":"FAE-38030 M\u00dc\u015e\u00dcR FAN ASTRA F \/ CORSA B \/ VECTRA A \/ VECTRA B 3 F\u0130\u015eL\u0130 YUVARLAK"},"content":{"rendered":"","protected":false},"excerpt":{"rendered":"","protected":false},"featured_media":15091,"template":"","meta":[],"product_brand":[428],"product_cat":[374],"product_tag":[378],"class_list":{"0":"post-11094","1":"product","2":"type-product","3":"status-publish","4":"has-post-thumbnail","6":"arac_markasi_modeli-astra-f","7":"arac_markasi_modeli-corsa-b","8":"arac_markasi_modeli-opel","9":"arac_markasi_modeli-vectra-a","10":"arac_markasi_modeli-vectra-b","11":"product_brand-fae","12":"product_cat-sensor-ve-elektrik-urunleri","13":"product_tag-altay","15":"first","16":"outofstock","17":"taxable","18":"shipping-taxable","19":"purchasable","20":"product-type-simple"},"jetpack_sharing_enabled":true,"_links":{"self":[{"href":"https:\/\/ozince.com\/magaza\/wp-json\/wp\/v2\/product\/11094","targetHints":{"allow":["GET"]}}],"collection":[{"href":"https:\/\/ozince.com\/magaza\/wp-json\/wp\/v2\/product"}],"about":[{"href":"https:\/\/ozince.com\/magaza\/wp-json\/wp\/v2\/types\/product"}],"wp:featuredmedia":[{"embeddable":true,"href":"https:\/\/ozince.com\/magaza\/wp-json\/wp\/v2\/media\/15091"}],"wp:attachment":[{"href":"https:\/\/ozince.com\/magaza\/wp-json\/wp\/v2\/media?parent=11094"}],"wp:term":[{"taxonomy":"product_brand","embeddable":true,"href":"https:\/\/ozince.com\/magaza\/wp-json\/wp\/v2\/product_brand?post=11094"},{"taxonomy":"product_cat","embeddable":true,"href":"https:\/\/ozince.com\/magaza\/wp-json\/wp\/v2\/product_cat?post=11094"},{"taxonomy":"product_tag","embeddable":true,"href":"https:\/\/ozince.com\/magaza\/wp-json\/wp\/v2\/product_tag?post=11094"}],"curies":[{"name":"wp","href":"https:\/\/api.w.org\/{rel}","templated":true}]}}