{"id":11092,"date":"2026-04-10T08:05:05","date_gmt":"2026-04-10T05:05:05","guid":{"rendered":"https:\/\/ozince.com\/magaza\/kategorilenmemis\/ina-427101210-disli-eksantrik-astra-j-corsa-d-insignia-a-z12xep-a14xer-a14net-b14net\/"},"modified":"2026-04-10T08:05:05","modified_gmt":"2026-04-10T05:05:05","slug":"ina-427101210-disli-eksantrik-astra-j-corsa-d-insignia-a-z12xep-a14xer-a14net-b14net","status":"publish","type":"product","link":"https:\/\/ozince.com\/magaza\/motor-mekanik-urunleri\/ina-427101210-disli-eksantrik-astra-j-corsa-d-insignia-a-z12xep-a14xer-a14net-b14net\/","title":{"rendered":"INA-427101210 D\u0130\u015eL\u0130 EKSANTR\u0130K ASTRA J \/ CORSA D \/ INSIGNIA A Z12XEP-A14XER-A14NET-B14NET"},"content":{"rendered":"","protected":false},"excerpt":{"rendered":"","protected":false},"featured_media":0,"template":"","meta":[],"product_brand":[303],"product_cat":[298],"product_tag":[378],"class_list":{"0":"post-11092","1":"product","2":"type-product","3":"status-publish","5":"arac_markasi_modeli-astra-j","6":"arac_markasi_modeli-corsa-d","7":"arac_markasi_modeli-insignia-a","8":"arac_markasi_modeli-opel","9":"product_brand-ina","10":"product_cat-motor-mekanik-urunleri","11":"product_tag-altay","13":"first","14":"instock","15":"taxable","16":"shipping-taxable","17":"purchasable","18":"product-type-simple"},"jetpack_sharing_enabled":true,"_links":{"self":[{"href":"https:\/\/ozince.com\/magaza\/wp-json\/wp\/v2\/product\/11092","targetHints":{"allow":["GET"]}}],"collection":[{"href":"https:\/\/ozince.com\/magaza\/wp-json\/wp\/v2\/product"}],"about":[{"href":"https:\/\/ozince.com\/magaza\/wp-json\/wp\/v2\/types\/product"}],"wp:attachment":[{"href":"https:\/\/ozince.com\/magaza\/wp-json\/wp\/v2\/media?parent=11092"}],"wp:term":[{"taxonomy":"product_brand","embeddable":true,"href":"https:\/\/ozince.com\/magaza\/wp-json\/wp\/v2\/product_brand?post=11092"},{"taxonomy":"product_cat","embeddable":true,"href":"https:\/\/ozince.com\/magaza\/wp-json\/wp\/v2\/product_cat?post=11092"},{"taxonomy":"product_tag","embeddable":true,"href":"https:\/\/ozince.com\/magaza\/wp-json\/wp\/v2\/product_tag?post=11092"}],"curies":[{"name":"wp","href":"https:\/\/api.w.org\/{rel}","templated":true}]}}