{"id":11078,"date":"2026-04-17T08:05:59","date_gmt":"2026-04-17T05:05:59","guid":{"rendered":"https:\/\/ozince.com\/magaza\/kategorilenmemis\/vr-61-26775-10-silindir-kapak-conta-vectra-a-88-95-2-0-8v-c20ne\/"},"modified":"2026-04-17T08:06:01","modified_gmt":"2026-04-17T05:06:01","slug":"vr-61-26775-10-silindir-kapak-conta-vectra-a-88-95-2-0-8v-c20ne","status":"publish","type":"product","link":"https:\/\/ozince.com\/magaza\/motor-mekanik-urunleri\/vr-61-26775-10-silindir-kapak-conta-vectra-a-88-95-2-0-8v-c20ne\/","title":{"rendered":"VR-61-26775-10 S\u0130L\u0130ND\u0130R KAPAK CONTA VECTRA A    88-95 \/ 2.0 8V (C20NE)"},"content":{"rendered":"","protected":false},"excerpt":{"rendered":"","protected":false},"featured_media":14085,"template":"","meta":[],"product_brand":[422],"product_cat":[298],"product_tag":[378],"class_list":{"0":"post-11078","1":"product","2":"type-product","3":"status-publish","4":"has-post-thumbnail","6":"arac_markasi_modeli-opel","7":"arac_markasi_modeli-vectra-a","8":"product_brand-v-reinz","9":"product_cat-motor-mekanik-urunleri","10":"product_tag-altay","12":"first","13":"instock","14":"taxable","15":"shipping-taxable","16":"purchasable","17":"product-type-simple"},"jetpack_sharing_enabled":true,"_links":{"self":[{"href":"https:\/\/ozince.com\/magaza\/wp-json\/wp\/v2\/product\/11078","targetHints":{"allow":["GET"]}}],"collection":[{"href":"https:\/\/ozince.com\/magaza\/wp-json\/wp\/v2\/product"}],"about":[{"href":"https:\/\/ozince.com\/magaza\/wp-json\/wp\/v2\/types\/product"}],"wp:featuredmedia":[{"embeddable":true,"href":"https:\/\/ozince.com\/magaza\/wp-json\/wp\/v2\/media\/14085"}],"wp:attachment":[{"href":"https:\/\/ozince.com\/magaza\/wp-json\/wp\/v2\/media?parent=11078"}],"wp:term":[{"taxonomy":"product_brand","embeddable":true,"href":"https:\/\/ozince.com\/magaza\/wp-json\/wp\/v2\/product_brand?post=11078"},{"taxonomy":"product_cat","embeddable":true,"href":"https:\/\/ozince.com\/magaza\/wp-json\/wp\/v2\/product_cat?post=11078"},{"taxonomy":"product_tag","embeddable":true,"href":"https:\/\/ozince.com\/magaza\/wp-json\/wp\/v2\/product_tag?post=11078"}],"curies":[{"name":"wp","href":"https:\/\/api.w.org\/{rel}","templated":true}]}}