{"id":11077,"date":"2026-04-12T08:06:20","date_gmt":"2026-04-12T05:06:20","guid":{"rendered":"https:\/\/ozince.com\/magaza\/kategorilenmemis\/uce-95215-hortum-kalorifer-astra-h-zafira-b-z16xep-cikis\/"},"modified":"2026-04-12T08:06:21","modified_gmt":"2026-04-12T05:06:21","slug":"uce-95215-hortum-kalorifer-astra-h-zafira-b-z16xep-cikis","status":"publish","type":"product","link":"https:\/\/ozince.com\/magaza\/motor-sogutma-ve-radyator-urunleri\/uce-95215-hortum-kalorifer-astra-h-zafira-b-z16xep-cikis\/","title":{"rendered":"UCE-95215 HORTUM KALOR\u0130FER ASTRA H \/ ZAF\u0130RA B Z16XEP \u00c7IKI\u015e"},"content":{"rendered":"","protected":false},"excerpt":{"rendered":"","protected":false},"featured_media":15800,"template":"","meta":[],"product_brand":[414],"product_cat":[324],"product_tag":[378],"class_list":{"0":"post-11077","1":"product","2":"type-product","3":"status-publish","4":"has-post-thumbnail","6":"arac_markasi_modeli-astra-h","7":"arac_markasi_modeli-opel","8":"arac_markasi_modeli-zafira-b","9":"product_brand-ucel","10":"product_cat-motor-sogutma-ve-radyator-urunleri","11":"product_tag-altay","13":"first","14":"instock","15":"taxable","16":"shipping-taxable","17":"purchasable","18":"product-type-simple"},"jetpack_sharing_enabled":true,"_links":{"self":[{"href":"https:\/\/ozince.com\/magaza\/wp-json\/wp\/v2\/product\/11077","targetHints":{"allow":["GET"]}}],"collection":[{"href":"https:\/\/ozince.com\/magaza\/wp-json\/wp\/v2\/product"}],"about":[{"href":"https:\/\/ozince.com\/magaza\/wp-json\/wp\/v2\/types\/product"}],"wp:featuredmedia":[{"embeddable":true,"href":"https:\/\/ozince.com\/magaza\/wp-json\/wp\/v2\/media\/15800"}],"wp:attachment":[{"href":"https:\/\/ozince.com\/magaza\/wp-json\/wp\/v2\/media?parent=11077"}],"wp:term":[{"taxonomy":"product_brand","embeddable":true,"href":"https:\/\/ozince.com\/magaza\/wp-json\/wp\/v2\/product_brand?post=11077"},{"taxonomy":"product_cat","embeddable":true,"href":"https:\/\/ozince.com\/magaza\/wp-json\/wp\/v2\/product_cat?post=11077"},{"taxonomy":"product_tag","embeddable":true,"href":"https:\/\/ozince.com\/magaza\/wp-json\/wp\/v2\/product_tag?post=11077"}],"curies":[{"name":"wp","href":"https:\/\/api.w.org\/{rel}","templated":true}]}}