{"id":11068,"date":"2026-04-07T08:07:24","date_gmt":"2026-04-07T05:07:24","guid":{"rendered":"https:\/\/ozince.com\/magaza\/kategorilenmemis\/snr-ga35367-vantilator-gergisi-astra-h-04-11-astra-j-09-18-corsa-d-06-14-corsa-e-14-19-meriva-b\/"},"modified":"2026-04-07T08:07:24","modified_gmt":"2026-04-07T05:07:24","slug":"snr-ga35367-vantilator-gergisi-astra-h-04-11-astra-j-09-18-corsa-d-06-14-corsa-e-14-19-meriva-b","status":"publish","type":"product","link":"https:\/\/ozince.com\/magaza\/motor-mekanik-urunleri\/snr-ga35367-vantilator-gergisi-astra-h-04-11-astra-j-09-18-corsa-d-06-14-corsa-e-14-19-meriva-b\/","title":{"rendered":"SNR-GA35367 VANT\u0130LAT\u00d6R GERG\u0130S\u0130 ASTRA H (04-11) ASTRA J (09-18) CORSA D (06-14) CORSA E (14-19) MER\u0130VA B"},"content":{"rendered":"","protected":false},"excerpt":{"rendered":"","protected":false},"featured_media":0,"template":"","meta":[],"product_brand":[308],"product_cat":[298],"product_tag":[378],"class_list":{"0":"post-11068","1":"product","2":"type-product","3":"status-publish","5":"arac_markasi_modeli-astra-h","6":"arac_markasi_modeli-astra-j","7":"arac_markasi_modeli-corsa-d","8":"arac_markasi_modeli-corsa-e","9":"arac_markasi_modeli-meriva","10":"arac_markasi_modeli-meriva-b","11":"arac_markasi_modeli-opel","12":"product_brand-snr","13":"product_cat-motor-mekanik-urunleri","14":"product_tag-altay","16":"first","17":"outofstock","18":"taxable","19":"shipping-taxable","20":"purchasable","21":"product-type-simple"},"jetpack_sharing_enabled":true,"_links":{"self":[{"href":"https:\/\/ozince.com\/magaza\/wp-json\/wp\/v2\/product\/11068","targetHints":{"allow":["GET"]}}],"collection":[{"href":"https:\/\/ozince.com\/magaza\/wp-json\/wp\/v2\/product"}],"about":[{"href":"https:\/\/ozince.com\/magaza\/wp-json\/wp\/v2\/types\/product"}],"wp:attachment":[{"href":"https:\/\/ozince.com\/magaza\/wp-json\/wp\/v2\/media?parent=11068"}],"wp:term":[{"taxonomy":"product_brand","embeddable":true,"href":"https:\/\/ozince.com\/magaza\/wp-json\/wp\/v2\/product_brand?post=11068"},{"taxonomy":"product_cat","embeddable":true,"href":"https:\/\/ozince.com\/magaza\/wp-json\/wp\/v2\/product_cat?post=11068"},{"taxonomy":"product_tag","embeddable":true,"href":"https:\/\/ozince.com\/magaza\/wp-json\/wp\/v2\/product_tag?post=11068"}],"curies":[{"name":"wp","href":"https:\/\/api.w.org\/{rel}","templated":true}]}}