{"id":11059,"date":"2026-04-10T08:04:55","date_gmt":"2026-04-10T05:04:55","guid":{"rendered":"https:\/\/ozince.com\/magaza\/kategorilenmemis\/ina-427101330-disli-eksantrik-emme-astra-j-insignia-a-mokka-mokka-x-a16xer\/"},"modified":"2026-04-10T08:04:56","modified_gmt":"2026-04-10T05:04:56","slug":"ina-427101330-disli-eksantrik-emme-astra-j-insignia-a-mokka-mokka-x-a16xer","status":"publish","type":"product","link":"https:\/\/ozince.com\/magaza\/motor-mekanik-urunleri\/ina-427101330-disli-eksantrik-emme-astra-j-insignia-a-mokka-mokka-x-a16xer\/","title":{"rendered":"INA-427101330 D\u0130\u015eL\u0130 EKSANTR\u0130K EMME ASTRA J \/ INSIGNIA A \/ MOKKA \/ MOKKA X A16XER"},"content":{"rendered":"","protected":false},"excerpt":{"rendered":"","protected":false},"featured_media":0,"template":"","meta":[],"product_brand":[303],"product_cat":[298],"product_tag":[378],"class_list":{"0":"post-11059","1":"product","2":"type-product","3":"status-publish","5":"arac_markasi_modeli-astra-j","6":"arac_markasi_modeli-insignia-a","7":"arac_markasi_modeli-mokka","8":"arac_markasi_modeli-mokka-x","9":"arac_markasi_modeli-opel","10":"product_brand-ina","11":"product_cat-motor-mekanik-urunleri","12":"product_tag-altay","14":"first","15":"outofstock","16":"taxable","17":"shipping-taxable","18":"purchasable","19":"product-type-simple"},"jetpack_sharing_enabled":true,"_links":{"self":[{"href":"https:\/\/ozince.com\/magaza\/wp-json\/wp\/v2\/product\/11059","targetHints":{"allow":["GET"]}}],"collection":[{"href":"https:\/\/ozince.com\/magaza\/wp-json\/wp\/v2\/product"}],"about":[{"href":"https:\/\/ozince.com\/magaza\/wp-json\/wp\/v2\/types\/product"}],"wp:attachment":[{"href":"https:\/\/ozince.com\/magaza\/wp-json\/wp\/v2\/media?parent=11059"}],"wp:term":[{"taxonomy":"product_brand","embeddable":true,"href":"https:\/\/ozince.com\/magaza\/wp-json\/wp\/v2\/product_brand?post=11059"},{"taxonomy":"product_cat","embeddable":true,"href":"https:\/\/ozince.com\/magaza\/wp-json\/wp\/v2\/product_cat?post=11059"},{"taxonomy":"product_tag","embeddable":true,"href":"https:\/\/ozince.com\/magaza\/wp-json\/wp\/v2\/product_tag?post=11059"}],"curies":[{"name":"wp","href":"https:\/\/api.w.org\/{rel}","templated":true}]}}