{"id":11038,"date":"2026-04-17T08:05:48","date_gmt":"2026-04-17T05:05:48","guid":{"rendered":"https:\/\/ozince.com\/magaza\/kategorilenmemis\/swg-40949689-eksantrik-zincir-seti-astra-g-h-corsa-c-meriva-agila-1-2-1-4-twinport-16v-x10xe-x12xe-z10xe-z1\/"},"modified":"2026-04-17T08:05:49","modified_gmt":"2026-04-17T05:05:49","slug":"swg-40949689-eksantrik-zincir-seti-astra-g-h-corsa-c-meriva-agila-1-2-1-4-twinport-16v-x10xe-x12xe-z10xe-z1","status":"publish","type":"product","link":"https:\/\/ozince.com\/magaza\/motor-mekanik-urunleri\/swg-40949689-eksantrik-zincir-seti-astra-g-h-corsa-c-meriva-agila-1-2-1-4-twinport-16v-x10xe-x12xe-z10xe-z1\/","title":{"rendered":"SWG-40949689 EKSANTR\u0130K Z\u0130NC\u0130R SET\u0130 ASTRA G-H \/ CORSA C \/ MERIVA \/ AGILA 1.2-1.4 TW\u0130NPORT 16V X10XE-X12XE-Z10XE-Z1"},"content":{"rendered":"","protected":false},"excerpt":{"rendered":"","protected":false},"featured_media":13314,"template":"","meta":[],"product_brand":[309],"product_cat":[298],"product_tag":[378],"class_list":{"0":"post-11038","1":"product","2":"type-product","3":"status-publish","4":"has-post-thumbnail","6":"arac_markasi_modeli-agila","7":"arac_markasi_modeli-astra-g","8":"arac_markasi_modeli-corsa-c","9":"arac_markasi_modeli-meriva","10":"arac_markasi_modeli-opel","11":"product_brand-swag","12":"product_cat-motor-mekanik-urunleri","13":"product_tag-altay","15":"first","16":"instock","17":"taxable","18":"shipping-taxable","19":"purchasable","20":"product-type-simple"},"jetpack_sharing_enabled":true,"_links":{"self":[{"href":"https:\/\/ozince.com\/magaza\/wp-json\/wp\/v2\/product\/11038","targetHints":{"allow":["GET"]}}],"collection":[{"href":"https:\/\/ozince.com\/magaza\/wp-json\/wp\/v2\/product"}],"about":[{"href":"https:\/\/ozince.com\/magaza\/wp-json\/wp\/v2\/types\/product"}],"wp:featuredmedia":[{"embeddable":true,"href":"https:\/\/ozince.com\/magaza\/wp-json\/wp\/v2\/media\/13314"}],"wp:attachment":[{"href":"https:\/\/ozince.com\/magaza\/wp-json\/wp\/v2\/media?parent=11038"}],"wp:term":[{"taxonomy":"product_brand","embeddable":true,"href":"https:\/\/ozince.com\/magaza\/wp-json\/wp\/v2\/product_brand?post=11038"},{"taxonomy":"product_cat","embeddable":true,"href":"https:\/\/ozince.com\/magaza\/wp-json\/wp\/v2\/product_cat?post=11038"},{"taxonomy":"product_tag","embeddable":true,"href":"https:\/\/ozince.com\/magaza\/wp-json\/wp\/v2\/product_tag?post=11038"}],"curies":[{"name":"wp","href":"https:\/\/api.w.org\/{rel}","templated":true}]}}