{"id":11033,"date":"2026-04-23T08:07:27","date_gmt":"2026-04-23T05:07:27","guid":{"rendered":"https:\/\/ozince.com\/magaza\/kategorilenmemis\/swg-40102690-kizdirma-kontrol-role-unitesi-astra-g-h-corsa-c-meriva-a-signum-vectra-c-zafira-z13dtj\/"},"modified":"2026-04-23T08:07:28","modified_gmt":"2026-04-23T05:07:28","slug":"swg-40102690-kizdirma-kontrol-role-unitesi-astra-g-h-corsa-c-meriva-a-signum-vectra-c-zafira-z13dtj","status":"publish","type":"product","link":"https:\/\/ozince.com\/magaza\/sensor-ve-elektrik-urunleri\/swg-40102690-kizdirma-kontrol-role-unitesi-astra-g-h-corsa-c-meriva-a-signum-vectra-c-zafira-z13dtj\/","title":{"rendered":"SWG-40102690 KIZDIRMA KONTROL (R\u00d6LE) \u00dcN\u0130TES\u0130 ASTRA G \/ H \/ CORSA C \/ MERIVA A \/ SIGNUM \/ VECTRA C \/ ZAFIRA Z13DTJ"},"content":{"rendered":"","protected":false},"excerpt":{"rendered":"","protected":false},"featured_media":13315,"template":"","meta":[],"product_brand":[309],"product_cat":[374],"product_tag":[378],"class_list":{"0":"post-11033","1":"product","2":"type-product","3":"status-publish","4":"has-post-thumbnail","6":"arac_markasi_modeli-astra-g","7":"arac_markasi_modeli-corsa-c","8":"arac_markasi_modeli-meriva","9":"arac_markasi_modeli-meriva-a","10":"arac_markasi_modeli-opel","11":"arac_markasi_modeli-vectra-c","12":"product_brand-swag","13":"product_cat-sensor-ve-elektrik-urunleri","14":"product_tag-altay","16":"first","17":"instock","18":"taxable","19":"shipping-taxable","20":"purchasable","21":"product-type-simple"},"jetpack_sharing_enabled":true,"_links":{"self":[{"href":"https:\/\/ozince.com\/magaza\/wp-json\/wp\/v2\/product\/11033","targetHints":{"allow":["GET"]}}],"collection":[{"href":"https:\/\/ozince.com\/magaza\/wp-json\/wp\/v2\/product"}],"about":[{"href":"https:\/\/ozince.com\/magaza\/wp-json\/wp\/v2\/types\/product"}],"wp:featuredmedia":[{"embeddable":true,"href":"https:\/\/ozince.com\/magaza\/wp-json\/wp\/v2\/media\/13315"}],"wp:attachment":[{"href":"https:\/\/ozince.com\/magaza\/wp-json\/wp\/v2\/media?parent=11033"}],"wp:term":[{"taxonomy":"product_brand","embeddable":true,"href":"https:\/\/ozince.com\/magaza\/wp-json\/wp\/v2\/product_brand?post=11033"},{"taxonomy":"product_cat","embeddable":true,"href":"https:\/\/ozince.com\/magaza\/wp-json\/wp\/v2\/product_cat?post=11033"},{"taxonomy":"product_tag","embeddable":true,"href":"https:\/\/ozince.com\/magaza\/wp-json\/wp\/v2\/product_tag?post=11033"}],"curies":[{"name":"wp","href":"https:\/\/api.w.org\/{rel}","templated":true}]}}