{"id":11012,"date":"2026-04-17T08:05:40","date_gmt":"2026-04-17T05:05:40","guid":{"rendered":"https:\/\/ozince.com\/magaza\/kategorilenmemis\/ytt-1323-oring-yag-sogutucu-uclu-set-astra-j-insignia-mokka-cruze-7-parca-a16xer\/"},"modified":"2026-04-17T08:05:41","modified_gmt":"2026-04-17T05:05:41","slug":"ytt-1323-oring-yag-sogutucu-uclu-set-astra-j-insignia-mokka-cruze-7-parca-a16xer","status":"publish","type":"product","link":"https:\/\/ozince.com\/magaza\/motor-mekanik-urunleri\/ytt-1323-oring-yag-sogutucu-uclu-set-astra-j-insignia-mokka-cruze-7-parca-a16xer\/","title":{"rendered":"YTT-1323 ORING YA\u011e SO\u011eUTUCU (\u00dc\u00c7L\u00dc SET) ASTRA J \/ INSIGNIA \/ MOKKA \/ CRUZE (7 PARCA) A16XER"},"content":{"rendered":"","protected":false},"excerpt":{"rendered":"","protected":false},"featured_media":13535,"template":"","meta":[],"product_brand":[413],"product_cat":[298],"product_tag":[378],"class_list":{"0":"post-11012","1":"product","2":"type-product","3":"status-publish","4":"has-post-thumbnail","6":"arac_markasi_modeli-astra-j","7":"arac_markasi_modeli-mokka","8":"arac_markasi_modeli-opel","9":"product_brand-ytt","10":"product_cat-motor-mekanik-urunleri","11":"product_tag-altay","13":"first","14":"instock","15":"taxable","16":"shipping-taxable","17":"purchasable","18":"product-type-simple"},"jetpack_sharing_enabled":true,"_links":{"self":[{"href":"https:\/\/ozince.com\/magaza\/wp-json\/wp\/v2\/product\/11012","targetHints":{"allow":["GET"]}}],"collection":[{"href":"https:\/\/ozince.com\/magaza\/wp-json\/wp\/v2\/product"}],"about":[{"href":"https:\/\/ozince.com\/magaza\/wp-json\/wp\/v2\/types\/product"}],"wp:featuredmedia":[{"embeddable":true,"href":"https:\/\/ozince.com\/magaza\/wp-json\/wp\/v2\/media\/13535"}],"wp:attachment":[{"href":"https:\/\/ozince.com\/magaza\/wp-json\/wp\/v2\/media?parent=11012"}],"wp:term":[{"taxonomy":"product_brand","embeddable":true,"href":"https:\/\/ozince.com\/magaza\/wp-json\/wp\/v2\/product_brand?post=11012"},{"taxonomy":"product_cat","embeddable":true,"href":"https:\/\/ozince.com\/magaza\/wp-json\/wp\/v2\/product_cat?post=11012"},{"taxonomy":"product_tag","embeddable":true,"href":"https:\/\/ozince.com\/magaza\/wp-json\/wp\/v2\/product_tag?post=11012"}],"curies":[{"name":"wp","href":"https:\/\/api.w.org\/{rel}","templated":true}]}}