{"id":10990,"date":"2026-04-05T08:06:11","date_gmt":"2026-04-05T05:06:11","guid":{"rendered":"https:\/\/ozince.com\/magaza\/kategorilenmemis\/tpr-202407001-su-fiskiye-memesi-vectra-a-on\/"},"modified":"2026-04-05T08:06:12","modified_gmt":"2026-04-05T05:06:12","slug":"tpr-202407001-su-fiskiye-memesi-vectra-a-on","status":"publish","type":"product","link":"https:\/\/ozince.com\/magaza\/karoseri-ve-kaporta-urunleri\/tpr-202407001-su-fiskiye-memesi-vectra-a-on\/","title":{"rendered":"TPR-202407001 SU FISK\u0130YE MEMES\u0130 VECTRA A \u00d6N"},"content":{"rendered":"","protected":false},"excerpt":{"rendered":"","protected":false},"featured_media":0,"template":"","meta":[],"product_brand":[336],"product_cat":[351],"product_tag":[378],"class_list":{"0":"post-10990","1":"product","2":"type-product","3":"status-publish","5":"arac_markasi_modeli-opel","6":"arac_markasi_modeli-vectra-a","7":"product_brand-topran","8":"product_cat-karoseri-ve-kaporta-urunleri","9":"product_tag-altay","11":"first","12":"outofstock","13":"taxable","14":"shipping-taxable","15":"purchasable","16":"product-type-simple"},"jetpack_sharing_enabled":true,"_links":{"self":[{"href":"https:\/\/ozince.com\/magaza\/wp-json\/wp\/v2\/product\/10990","targetHints":{"allow":["GET"]}}],"collection":[{"href":"https:\/\/ozince.com\/magaza\/wp-json\/wp\/v2\/product"}],"about":[{"href":"https:\/\/ozince.com\/magaza\/wp-json\/wp\/v2\/types\/product"}],"wp:attachment":[{"href":"https:\/\/ozince.com\/magaza\/wp-json\/wp\/v2\/media?parent=10990"}],"wp:term":[{"taxonomy":"product_brand","embeddable":true,"href":"https:\/\/ozince.com\/magaza\/wp-json\/wp\/v2\/product_brand?post=10990"},{"taxonomy":"product_cat","embeddable":true,"href":"https:\/\/ozince.com\/magaza\/wp-json\/wp\/v2\/product_cat?post=10990"},{"taxonomy":"product_tag","embeddable":true,"href":"https:\/\/ozince.com\/magaza\/wp-json\/wp\/v2\/product_tag?post=10990"}],"curies":[{"name":"wp","href":"https:\/\/api.w.org\/{rel}","templated":true}]}}