{"id":10985,"date":"2026-04-10T08:04:40","date_gmt":"2026-04-10T05:04:40","guid":{"rendered":"https:\/\/ozince.com\/magaza\/kategorilenmemis\/ngk-77328-egzoz-basinc-sensoru-astra-k-mokka-insignia-b16dth\/"},"modified":"2026-04-10T08:04:41","modified_gmt":"2026-04-10T05:04:41","slug":"ngk-77328-egzoz-basinc-sensoru-astra-k-mokka-insignia-b16dth","status":"publish","type":"product","link":"https:\/\/ozince.com\/magaza\/sensor-ve-elektrik-urunleri\/ngk-77328-egzoz-basinc-sensoru-astra-k-mokka-insignia-b16dth\/","title":{"rendered":"NGK-77328 EGZOZ BASIN\u00c7 SENS\u00d6R\u00dc ASTRA K \/ MOKKA \/ INSIGNIA B16DTH"},"content":{"rendered":"","protected":false},"excerpt":{"rendered":"","protected":false},"featured_media":15504,"template":"","meta":[],"product_brand":[417],"product_cat":[374],"product_tag":[378],"class_list":{"0":"post-10985","1":"product","2":"type-product","3":"status-publish","4":"has-post-thumbnail","6":"arac_markasi_modeli-astra-k","7":"arac_markasi_modeli-insignia-b","8":"arac_markasi_modeli-mokka","9":"arac_markasi_modeli-opel","10":"product_brand-ngk","11":"product_cat-sensor-ve-elektrik-urunleri","12":"product_tag-altay","14":"first","15":"instock","16":"taxable","17":"shipping-taxable","18":"purchasable","19":"product-type-simple"},"jetpack_sharing_enabled":true,"_links":{"self":[{"href":"https:\/\/ozince.com\/magaza\/wp-json\/wp\/v2\/product\/10985","targetHints":{"allow":["GET"]}}],"collection":[{"href":"https:\/\/ozince.com\/magaza\/wp-json\/wp\/v2\/product"}],"about":[{"href":"https:\/\/ozince.com\/magaza\/wp-json\/wp\/v2\/types\/product"}],"wp:featuredmedia":[{"embeddable":true,"href":"https:\/\/ozince.com\/magaza\/wp-json\/wp\/v2\/media\/15504"}],"wp:attachment":[{"href":"https:\/\/ozince.com\/magaza\/wp-json\/wp\/v2\/media?parent=10985"}],"wp:term":[{"taxonomy":"product_brand","embeddable":true,"href":"https:\/\/ozince.com\/magaza\/wp-json\/wp\/v2\/product_brand?post=10985"},{"taxonomy":"product_cat","embeddable":true,"href":"https:\/\/ozince.com\/magaza\/wp-json\/wp\/v2\/product_cat?post=10985"},{"taxonomy":"product_tag","embeddable":true,"href":"https:\/\/ozince.com\/magaza\/wp-json\/wp\/v2\/product_tag?post=10985"}],"curies":[{"name":"wp","href":"https:\/\/api.w.org\/{rel}","templated":true}]}}