{"id":10982,"date":"2026-04-28T08:09:25","date_gmt":"2026-04-28T05:09:25","guid":{"rendered":"https:\/\/ozince.com\/magaza\/kategorilenmemis\/ayd-08647-viraj-lastigi-vectra-c-03-saab-9-3-02-245mm\/"},"modified":"2026-04-28T08:09:26","modified_gmt":"2026-04-28T05:09:26","slug":"del-td1029w-viraj-lastigi-vectra-c-03-saab-9-3-02-245mm","status":"publish","type":"product","link":"https:\/\/ozince.com\/magaza\/alt-takim-urunleri\/del-td1029w-viraj-lastigi-vectra-c-03-saab-9-3-02-245mm\/","title":{"rendered":"DEL-TD1029W V\u0130RAJ LAST\u0130\u011e\u0130 VECTRA C 03= \/ SAAB 9-3 02= 24,5mm"},"content":{"rendered":"","protected":false},"excerpt":{"rendered":"","protected":false},"featured_media":14690,"template":"","meta":[],"product_brand":[236],"product_cat":[382],"product_tag":[378],"class_list":{"0":"post-10982","1":"product","2":"type-product","3":"status-publish","4":"has-post-thumbnail","6":"arac_markasi_modeli-opel","7":"arac_markasi_modeli-vectra-c","8":"product_brand-delphi","9":"product_cat-alt-takim-urunleri","10":"product_tag-altay","12":"first","13":"outofstock","14":"taxable","15":"shipping-taxable","16":"purchasable","17":"product-type-simple"},"jetpack_sharing_enabled":true,"_links":{"self":[{"href":"https:\/\/ozince.com\/magaza\/wp-json\/wp\/v2\/product\/10982","targetHints":{"allow":["GET"]}}],"collection":[{"href":"https:\/\/ozince.com\/magaza\/wp-json\/wp\/v2\/product"}],"about":[{"href":"https:\/\/ozince.com\/magaza\/wp-json\/wp\/v2\/types\/product"}],"wp:featuredmedia":[{"embeddable":true,"href":"https:\/\/ozince.com\/magaza\/wp-json\/wp\/v2\/media\/14690"}],"wp:attachment":[{"href":"https:\/\/ozince.com\/magaza\/wp-json\/wp\/v2\/media?parent=10982"}],"wp:term":[{"taxonomy":"product_brand","embeddable":true,"href":"https:\/\/ozince.com\/magaza\/wp-json\/wp\/v2\/product_brand?post=10982"},{"taxonomy":"product_cat","embeddable":true,"href":"https:\/\/ozince.com\/magaza\/wp-json\/wp\/v2\/product_cat?post=10982"},{"taxonomy":"product_tag","embeddable":true,"href":"https:\/\/ozince.com\/magaza\/wp-json\/wp\/v2\/product_tag?post=10982"}],"curies":[{"name":"wp","href":"https:\/\/api.w.org\/{rel}","templated":true}]}}