{"id":10970,"date":"2026-04-13T08:02:44","date_gmt":"2026-04-13T05:02:44","guid":{"rendered":"https:\/\/ozince.com\/magaza\/kategorilenmemis\/mhr-37183-hortum-radyator-astra-k-b16dth-ust-otm-vites\/"},"modified":"2026-04-13T08:02:46","modified_gmt":"2026-04-13T05:02:46","slug":"mhr-37183-hortum-radyator-astra-k-b16dth-ust-otm-vites","status":"publish","type":"product","link":"https:\/\/ozince.com\/magaza\/motor-sogutma-ve-radyator-urunleri\/mhr-37183-hortum-radyator-astra-k-b16dth-ust-otm-vites\/","title":{"rendered":"MHR-37183 HORTUM RADYAT\u00d6R ASTRA K B16DTH \u00dcST (OTM.V\u0130TES)"},"content":{"rendered":"","protected":false},"excerpt":{"rendered":"","protected":false},"featured_media":12072,"template":"","meta":[],"product_brand":[288],"product_cat":[324],"product_tag":[378],"class_list":{"0":"post-10970","1":"product","2":"type-product","3":"status-publish","4":"has-post-thumbnail","6":"arac_markasi_modeli-astra-k","7":"arac_markasi_modeli-opel","8":"product_brand-maher","9":"product_cat-motor-sogutma-ve-radyator-urunleri","10":"product_tag-altay","12":"first","13":"outofstock","14":"taxable","15":"shipping-taxable","16":"purchasable","17":"product-type-simple"},"jetpack_sharing_enabled":true,"_links":{"self":[{"href":"https:\/\/ozince.com\/magaza\/wp-json\/wp\/v2\/product\/10970","targetHints":{"allow":["GET"]}}],"collection":[{"href":"https:\/\/ozince.com\/magaza\/wp-json\/wp\/v2\/product"}],"about":[{"href":"https:\/\/ozince.com\/magaza\/wp-json\/wp\/v2\/types\/product"}],"wp:featuredmedia":[{"embeddable":true,"href":"https:\/\/ozince.com\/magaza\/wp-json\/wp\/v2\/media\/12072"}],"wp:attachment":[{"href":"https:\/\/ozince.com\/magaza\/wp-json\/wp\/v2\/media?parent=10970"}],"wp:term":[{"taxonomy":"product_brand","embeddable":true,"href":"https:\/\/ozince.com\/magaza\/wp-json\/wp\/v2\/product_brand?post=10970"},{"taxonomy":"product_cat","embeddable":true,"href":"https:\/\/ozince.com\/magaza\/wp-json\/wp\/v2\/product_cat?post=10970"},{"taxonomy":"product_tag","embeddable":true,"href":"https:\/\/ozince.com\/magaza\/wp-json\/wp\/v2\/product_tag?post=10970"}],"curies":[{"name":"wp","href":"https:\/\/api.w.org\/{rel}","templated":true}]}}