{"id":10969,"date":"2026-04-14T08:00:42","date_gmt":"2026-04-14T05:00:42","guid":{"rendered":"https:\/\/ozince.com\/magaza\/kategorilenmemis\/mhr-36950-hortum-genlesme-sise-astra-g-zafira-a-z16xe-x14xe-z14xe-x16xel\/"},"modified":"2026-04-14T08:00:42","modified_gmt":"2026-04-14T05:00:42","slug":"mhr-36950-hortum-genlesme-sise-astra-g-zafira-a-z16xe-x14xe-z14xe-x16xel","status":"publish","type":"product","link":"https:\/\/ozince.com\/magaza\/motor-sogutma-ve-radyator-urunleri\/mhr-36950-hortum-genlesme-sise-astra-g-zafira-a-z16xe-x14xe-z14xe-x16xel\/","title":{"rendered":"MHR-36950 HORTUM GENLE\u015eME \u015e\u0130\u015eE ASTRA G \/ ZAF\u0130RA A Z16XE-X14XE-Z14XE-X16XEL"},"content":{"rendered":"","protected":false},"excerpt":{"rendered":"","protected":false},"featured_media":0,"template":"","meta":[],"product_brand":[288],"product_cat":[324],"product_tag":[378],"class_list":{"0":"post-10969","1":"product","2":"type-product","3":"status-publish","5":"arac_markasi_modeli-astra-g","6":"arac_markasi_modeli-opel","7":"arac_markasi_modeli-zafira-a","8":"product_brand-maher","9":"product_cat-motor-sogutma-ve-radyator-urunleri","10":"product_tag-altay","12":"first","13":"outofstock","14":"taxable","15":"shipping-taxable","16":"purchasable","17":"product-type-simple"},"jetpack_sharing_enabled":true,"_links":{"self":[{"href":"https:\/\/ozince.com\/magaza\/wp-json\/wp\/v2\/product\/10969","targetHints":{"allow":["GET"]}}],"collection":[{"href":"https:\/\/ozince.com\/magaza\/wp-json\/wp\/v2\/product"}],"about":[{"href":"https:\/\/ozince.com\/magaza\/wp-json\/wp\/v2\/types\/product"}],"wp:attachment":[{"href":"https:\/\/ozince.com\/magaza\/wp-json\/wp\/v2\/media?parent=10969"}],"wp:term":[{"taxonomy":"product_brand","embeddable":true,"href":"https:\/\/ozince.com\/magaza\/wp-json\/wp\/v2\/product_brand?post=10969"},{"taxonomy":"product_cat","embeddable":true,"href":"https:\/\/ozince.com\/magaza\/wp-json\/wp\/v2\/product_cat?post=10969"},{"taxonomy":"product_tag","embeddable":true,"href":"https:\/\/ozince.com\/magaza\/wp-json\/wp\/v2\/product_tag?post=10969"}],"curies":[{"name":"wp","href":"https:\/\/api.w.org\/{rel}","templated":true}]}}