{"id":10955,"date":"2026-03-05T08:02:13","date_gmt":"2026-03-05T05:02:13","guid":{"rendered":"https:\/\/ozince.com\/magaza\/kategorilenmemis\/mhr-33540-suspansiyon-takozu-corsa-d-corsa-e-adam-fiorino-linea-punto-on-koruklu\/"},"modified":"2026-03-05T08:02:13","modified_gmt":"2026-03-05T05:02:13","slug":"mhr-33540-suspansiyon-takozu-corsa-d-corsa-e-adam-fiorino-linea-punto-on-koruklu","status":"publish","type":"product","link":"https:\/\/ozince.com\/magaza\/alt-takim-urunleri\/mhr-33540-suspansiyon-takozu-corsa-d-corsa-e-adam-fiorino-linea-punto-on-koruklu\/","title":{"rendered":"MHR-33540 S\u00dcSPANS\u0130YON TAKOZU CORSA D \/ CORSA E \/ ADAM \/ FIORINO \/ LINEA \/ PUNTO \u00d6N K\u00d6R\u00dcKL\u00dc"},"content":{"rendered":"","protected":false},"excerpt":{"rendered":"","protected":false},"featured_media":0,"template":"","meta":[],"product_brand":[288],"product_cat":[382],"product_tag":[378],"class_list":{"0":"post-10955","1":"product","2":"type-product","3":"status-publish","5":"arac_markasi_modeli-adam","6":"arac_markasi_modeli-corsa-d","7":"arac_markasi_modeli-corsa-e","8":"arac_markasi_modeli-opel","9":"product_brand-maher","10":"product_cat-alt-takim-urunleri","11":"product_tag-altay","13":"first","14":"outofstock","15":"taxable","16":"shipping-taxable","17":"purchasable","18":"product-type-simple"},"jetpack_sharing_enabled":true,"_links":{"self":[{"href":"https:\/\/ozince.com\/magaza\/wp-json\/wp\/v2\/product\/10955","targetHints":{"allow":["GET"]}}],"collection":[{"href":"https:\/\/ozince.com\/magaza\/wp-json\/wp\/v2\/product"}],"about":[{"href":"https:\/\/ozince.com\/magaza\/wp-json\/wp\/v2\/types\/product"}],"wp:attachment":[{"href":"https:\/\/ozince.com\/magaza\/wp-json\/wp\/v2\/media?parent=10955"}],"wp:term":[{"taxonomy":"product_brand","embeddable":true,"href":"https:\/\/ozince.com\/magaza\/wp-json\/wp\/v2\/product_brand?post=10955"},{"taxonomy":"product_cat","embeddable":true,"href":"https:\/\/ozince.com\/magaza\/wp-json\/wp\/v2\/product_cat?post=10955"},{"taxonomy":"product_tag","embeddable":true,"href":"https:\/\/ozince.com\/magaza\/wp-json\/wp\/v2\/product_tag?post=10955"}],"curies":[{"name":"wp","href":"https:\/\/api.w.org\/{rel}","templated":true}]}}