{"id":10950,"date":"2026-04-28T08:00:55","date_gmt":"2026-04-28T05:00:55","guid":{"rendered":"https:\/\/ozince.com\/magaza\/kategorilenmemis\/mhr-33270-burc-suspansiyon-arka-vectra-b-96-02\/"},"modified":"2026-04-28T08:00:55","modified_gmt":"2026-04-28T05:00:55","slug":"mhr-33270-burc-suspansiyon-arka-vectra-b-96-02","status":"publish","type":"product","link":"https:\/\/ozince.com\/magaza\/alt-takim-urunleri\/mhr-33270-burc-suspansiyon-arka-vectra-b-96-02\/","title":{"rendered":"MHR-33270 BUR\u00c7 S\u00dcSPANS\u0130YON ARKA VECTRA B 96-02"},"content":{"rendered":"","protected":false},"excerpt":{"rendered":"","protected":false},"featured_media":12126,"template":"","meta":[],"product_brand":[288],"product_cat":[382],"product_tag":[378],"class_list":{"0":"post-10950","1":"product","2":"type-product","3":"status-publish","4":"has-post-thumbnail","6":"arac_markasi_modeli-opel","7":"arac_markasi_modeli-vectra-b","8":"product_brand-maher","9":"product_cat-alt-takim-urunleri","10":"product_tag-altay","12":"first","13":"instock","14":"taxable","15":"shipping-taxable","16":"purchasable","17":"product-type-simple"},"jetpack_sharing_enabled":true,"_links":{"self":[{"href":"https:\/\/ozince.com\/magaza\/wp-json\/wp\/v2\/product\/10950","targetHints":{"allow":["GET"]}}],"collection":[{"href":"https:\/\/ozince.com\/magaza\/wp-json\/wp\/v2\/product"}],"about":[{"href":"https:\/\/ozince.com\/magaza\/wp-json\/wp\/v2\/types\/product"}],"wp:featuredmedia":[{"embeddable":true,"href":"https:\/\/ozince.com\/magaza\/wp-json\/wp\/v2\/media\/12126"}],"wp:attachment":[{"href":"https:\/\/ozince.com\/magaza\/wp-json\/wp\/v2\/media?parent=10950"}],"wp:term":[{"taxonomy":"product_brand","embeddable":true,"href":"https:\/\/ozince.com\/magaza\/wp-json\/wp\/v2\/product_brand?post=10950"},{"taxonomy":"product_cat","embeddable":true,"href":"https:\/\/ozince.com\/magaza\/wp-json\/wp\/v2\/product_cat?post=10950"},{"taxonomy":"product_tag","embeddable":true,"href":"https:\/\/ozince.com\/magaza\/wp-json\/wp\/v2\/product_tag?post=10950"}],"curies":[{"name":"wp","href":"https:\/\/api.w.org\/{rel}","templated":true}]}}