{"id":10938,"date":"2026-04-13T08:02:37","date_gmt":"2026-04-13T05:02:37","guid":{"rendered":"https:\/\/ozince.com\/magaza\/kategorilenmemis\/mhr-29157-takoz-motor-vectra-b-96-03-arka-itici-1-6-1-8-2-0\/"},"modified":"2026-04-13T08:02:37","modified_gmt":"2026-04-13T05:02:37","slug":"mhr-29157-takoz-motor-vectra-b-96-03-arka-itici-1-6-1-8-2-0","status":"publish","type":"product","link":"https:\/\/ozince.com\/magaza\/motor-mekanik-urunleri\/mhr-29157-takoz-motor-vectra-b-96-03-arka-itici-1-6-1-8-2-0\/","title":{"rendered":"MHR-29157 TAKOZ MOTOR VECTRA B  96-03 ARKA \u0130T\u0130C\u0130 1.6-1.8-2.0"},"content":{"rendered":"","protected":false},"excerpt":{"rendered":"","protected":false},"featured_media":12158,"template":"","meta":[],"product_brand":[288],"product_cat":[298],"product_tag":[378],"class_list":{"0":"post-10938","1":"product","2":"type-product","3":"status-publish","4":"has-post-thumbnail","6":"arac_markasi_modeli-opel","7":"arac_markasi_modeli-vectra-b","8":"product_brand-maher","9":"product_cat-motor-mekanik-urunleri","10":"product_tag-altay","12":"first","13":"instock","14":"taxable","15":"shipping-taxable","16":"purchasable","17":"product-type-simple"},"jetpack_sharing_enabled":true,"_links":{"self":[{"href":"https:\/\/ozince.com\/magaza\/wp-json\/wp\/v2\/product\/10938","targetHints":{"allow":["GET"]}}],"collection":[{"href":"https:\/\/ozince.com\/magaza\/wp-json\/wp\/v2\/product"}],"about":[{"href":"https:\/\/ozince.com\/magaza\/wp-json\/wp\/v2\/types\/product"}],"wp:featuredmedia":[{"embeddable":true,"href":"https:\/\/ozince.com\/magaza\/wp-json\/wp\/v2\/media\/12158"}],"wp:attachment":[{"href":"https:\/\/ozince.com\/magaza\/wp-json\/wp\/v2\/media?parent=10938"}],"wp:term":[{"taxonomy":"product_brand","embeddable":true,"href":"https:\/\/ozince.com\/magaza\/wp-json\/wp\/v2\/product_brand?post=10938"},{"taxonomy":"product_cat","embeddable":true,"href":"https:\/\/ozince.com\/magaza\/wp-json\/wp\/v2\/product_cat?post=10938"},{"taxonomy":"product_tag","embeddable":true,"href":"https:\/\/ozince.com\/magaza\/wp-json\/wp\/v2\/product_tag?post=10938"}],"curies":[{"name":"wp","href":"https:\/\/api.w.org\/{rel}","templated":true}]}}