{"id":10909,"date":"2026-04-17T08:00:09","date_gmt":"2026-04-17T05:00:09","guid":{"rendered":"https:\/\/ozince.com\/magaza\/kategorilenmemis\/mhr-17312-silindir-kapagi-astra-j-corsa-d-meriva-b-mokka-insignia-a-aveo-t300-a14net-a12xer-a14nel\/"},"modified":"2026-04-17T08:00:09","modified_gmt":"2026-04-17T05:00:09","slug":"mhr-17312-silindir-kapagi-astra-j-corsa-d-meriva-b-mokka-insignia-a-aveo-t300-a14net-a12xer-a14nel","status":"publish","type":"product","link":"https:\/\/ozince.com\/magaza\/motor-mekanik-urunleri\/mhr-17312-silindir-kapagi-astra-j-corsa-d-meriva-b-mokka-insignia-a-aveo-t300-a14net-a12xer-a14nel\/","title":{"rendered":"MHR-17312 S\u0130L\u0130ND\u0130R KAPA\u011eI ASTRA J \/ CORSA D \/ MERIVA B \/ MOKKA \/ INSIGNIA A \/ AVEO T300 \/ A14NET-A12XER-A14NEL"},"content":{"rendered":"","protected":false},"excerpt":{"rendered":"","protected":false},"featured_media":0,"template":"","meta":[],"product_brand":[288],"product_cat":[298],"product_tag":[378],"class_list":{"0":"post-10909","1":"product","2":"type-product","3":"status-publish","5":"arac_markasi_modeli-astra-j","6":"arac_markasi_modeli-corsa-d","7":"arac_markasi_modeli-insignia-a","8":"arac_markasi_modeli-meriva","9":"arac_markasi_modeli-meriva-b","10":"arac_markasi_modeli-mokka","11":"arac_markasi_modeli-opel","12":"product_brand-maher","13":"product_cat-motor-mekanik-urunleri","14":"product_tag-altay","16":"first","17":"instock","18":"taxable","19":"shipping-taxable","20":"purchasable","21":"product-type-simple"},"jetpack_sharing_enabled":true,"_links":{"self":[{"href":"https:\/\/ozince.com\/magaza\/wp-json\/wp\/v2\/product\/10909","targetHints":{"allow":["GET"]}}],"collection":[{"href":"https:\/\/ozince.com\/magaza\/wp-json\/wp\/v2\/product"}],"about":[{"href":"https:\/\/ozince.com\/magaza\/wp-json\/wp\/v2\/types\/product"}],"wp:attachment":[{"href":"https:\/\/ozince.com\/magaza\/wp-json\/wp\/v2\/media?parent=10909"}],"wp:term":[{"taxonomy":"product_brand","embeddable":true,"href":"https:\/\/ozince.com\/magaza\/wp-json\/wp\/v2\/product_brand?post=10909"},{"taxonomy":"product_cat","embeddable":true,"href":"https:\/\/ozince.com\/magaza\/wp-json\/wp\/v2\/product_cat?post=10909"},{"taxonomy":"product_tag","embeddable":true,"href":"https:\/\/ozince.com\/magaza\/wp-json\/wp\/v2\/product_tag?post=10909"}],"curies":[{"name":"wp","href":"https:\/\/api.w.org\/{rel}","templated":true}]}}