{"id":10892,"date":"2026-04-11T08:06:02","date_gmt":"2026-04-11T05:06:02","guid":{"rendered":"https:\/\/ozince.com\/magaza\/kategorilenmemis\/mhr-19114-atesleme-bobini-astra-f-91-98-1-4-1-6-vectra-a-88-95-1-6-corsa-a-83-93-1-2-1-4-corsa-b-93-00-1-2-1-4-c14nz-c14se-14se\/"},"modified":"2026-04-11T08:06:04","modified_gmt":"2026-04-11T05:06:04","slug":"mhr-19114-atesleme-bobini-astra-f-91-98-1-4-1-6-vectra-a-88-95-1-6-corsa-a-83-93-1-2-1-4-corsa-b-93-00-1-2-1-4-c14nz-c14se-14se","status":"publish","type":"product","link":"https:\/\/ozince.com\/magaza\/sensor-ve-elektrik-urunleri\/mhr-19114-atesleme-bobini-astra-f-91-98-1-4-1-6-vectra-a-88-95-1-6-corsa-a-83-93-1-2-1-4-corsa-b-93-00-1-2-1-4-c14nz-c14se-14se\/","title":{"rendered":"MHR-19114 ATE\u015eLEME BOB\u0130N\u0130 ASTRA F 91-98 1.4-1.6 \/ VECTRA A 88-95 1.6 \/ CORSA A 83-93 1.2-1.4 \/ CORSA B 93-00 1.2-1.4 \/ C14NZ-C14SE-14SE"},"content":{"rendered":"","protected":false},"excerpt":{"rendered":"","protected":false},"featured_media":12287,"template":"","meta":[],"product_brand":[288],"product_cat":[374],"product_tag":[378],"class_list":{"0":"post-10892","1":"product","2":"type-product","3":"status-publish","4":"has-post-thumbnail","6":"arac_markasi_modeli-astra-f","7":"arac_markasi_modeli-corsa-a","8":"arac_markasi_modeli-corsa-b","9":"arac_markasi_modeli-opel","10":"arac_markasi_modeli-vectra-a","11":"product_brand-maher","12":"product_cat-sensor-ve-elektrik-urunleri","13":"product_tag-altay","15":"first","16":"instock","17":"taxable","18":"shipping-taxable","19":"purchasable","20":"product-type-simple"},"jetpack_sharing_enabled":true,"_links":{"self":[{"href":"https:\/\/ozince.com\/magaza\/wp-json\/wp\/v2\/product\/10892","targetHints":{"allow":["GET"]}}],"collection":[{"href":"https:\/\/ozince.com\/magaza\/wp-json\/wp\/v2\/product"}],"about":[{"href":"https:\/\/ozince.com\/magaza\/wp-json\/wp\/v2\/types\/product"}],"wp:featuredmedia":[{"embeddable":true,"href":"https:\/\/ozince.com\/magaza\/wp-json\/wp\/v2\/media\/12287"}],"wp:attachment":[{"href":"https:\/\/ozince.com\/magaza\/wp-json\/wp\/v2\/media?parent=10892"}],"wp:term":[{"taxonomy":"product_brand","embeddable":true,"href":"https:\/\/ozince.com\/magaza\/wp-json\/wp\/v2\/product_brand?post=10892"},{"taxonomy":"product_cat","embeddable":true,"href":"https:\/\/ozince.com\/magaza\/wp-json\/wp\/v2\/product_cat?post=10892"},{"taxonomy":"product_tag","embeddable":true,"href":"https:\/\/ozince.com\/magaza\/wp-json\/wp\/v2\/product_tag?post=10892"}],"curies":[{"name":"wp","href":"https:\/\/api.w.org\/{rel}","templated":true}]}}