{"id":10879,"date":"2026-04-29T08:26:40","date_gmt":"2026-04-29T05:26:40","guid":{"rendered":"https:\/\/ozince.com\/magaza\/kategorilenmemis\/mhr-28127-sensor-hava-akis-debimetre-crossland-x-grandland-x-vivaro-c-zafira-c-combo-e-b15dth-d15d-b16dth\/"},"modified":"2026-04-29T08:26:40","modified_gmt":"2026-04-29T05:26:40","slug":"del-af10743-12b1-sensor-hava-akis-debimetre-crossland-x-grandland-x-vivaro-c-zafira-c-combo-e-b15dth-d15d-b16dth","status":"publish","type":"product","link":"https:\/\/ozince.com\/magaza\/sensor-ve-elektrik-urunleri\/del-af10743-12b1-sensor-hava-akis-debimetre-crossland-x-grandland-x-vivaro-c-zafira-c-combo-e-b15dth-d15d-b16dth\/","title":{"rendered":"DEL-AF10743-12B1 SENS\u00d6R HAVA AKI\u015e DEB\u0130METRE CROSSLAND \/ X \/ GRANDLAND \/ X \/ V\u0130VARO C \/ ZAF\u0130RA C \/ COMBO E B15DTH-D15D-B16DTH"},"content":{"rendered":"","protected":false},"excerpt":{"rendered":"","protected":false},"featured_media":14971,"template":"","meta":[],"product_brand":[236],"product_cat":[374],"product_tag":[378],"class_list":{"0":"post-10879","1":"product","2":"type-product","3":"status-publish","4":"has-post-thumbnail","6":"arac_markasi_modeli-grandland","7":"arac_markasi_modeli-opel","8":"arac_markasi_modeli-vivaro","9":"arac_markasi_modeli-zafira-c","10":"product_brand-delphi","11":"product_cat-sensor-ve-elektrik-urunleri","12":"product_tag-altay","14":"first","15":"instock","16":"taxable","17":"shipping-taxable","18":"purchasable","19":"product-type-simple"},"jetpack_sharing_enabled":true,"_links":{"self":[{"href":"https:\/\/ozince.com\/magaza\/wp-json\/wp\/v2\/product\/10879","targetHints":{"allow":["GET"]}}],"collection":[{"href":"https:\/\/ozince.com\/magaza\/wp-json\/wp\/v2\/product"}],"about":[{"href":"https:\/\/ozince.com\/magaza\/wp-json\/wp\/v2\/types\/product"}],"wp:featuredmedia":[{"embeddable":true,"href":"https:\/\/ozince.com\/magaza\/wp-json\/wp\/v2\/media\/14971"}],"wp:attachment":[{"href":"https:\/\/ozince.com\/magaza\/wp-json\/wp\/v2\/media?parent=10879"}],"wp:term":[{"taxonomy":"product_brand","embeddable":true,"href":"https:\/\/ozince.com\/magaza\/wp-json\/wp\/v2\/product_brand?post=10879"},{"taxonomy":"product_cat","embeddable":true,"href":"https:\/\/ozince.com\/magaza\/wp-json\/wp\/v2\/product_cat?post=10879"},{"taxonomy":"product_tag","embeddable":true,"href":"https:\/\/ozince.com\/magaza\/wp-json\/wp\/v2\/product_tag?post=10879"}],"curies":[{"name":"wp","href":"https:\/\/api.w.org\/{rel}","templated":true}]}}