{"id":10874,"date":"2026-04-29T08:06:52","date_gmt":"2026-04-29T05:06:52","guid":{"rendered":"https:\/\/ozince.com\/magaza\/kategorilenmemis\/mhr-28087-sensor-eksantrik-devir-astra-j-astra-k-insignia-a-insignia-b-mokka-15-b16dth\/"},"modified":"2026-04-29T08:06:53","modified_gmt":"2026-04-29T05:06:53","slug":"mhr-28087-sensor-eksantrik-devir-astra-j-astra-k-insignia-a-insignia-b-mokka-15-b16dth","status":"publish","type":"product","link":"https:\/\/ozince.com\/magaza\/sensor-ve-elektrik-urunleri\/mhr-28087-sensor-eksantrik-devir-astra-j-astra-k-insignia-a-insignia-b-mokka-15-b16dth\/","title":{"rendered":"MHR-28087 SENS\u00d6R EKSANTR\u0130K DEV\u0130R ASTRA J \/ ASTRA K \/ INSIGNIA A \/ INSIGNIA B \/ MOKKA 15= B16DTH"},"content":{"rendered":"","protected":false},"excerpt":{"rendered":"","protected":false},"featured_media":12183,"template":"","meta":[],"product_brand":[288],"product_cat":[374],"product_tag":[378],"class_list":{"0":"post-10874","1":"product","2":"type-product","3":"status-publish","4":"has-post-thumbnail","6":"arac_markasi_modeli-astra-j","7":"arac_markasi_modeli-astra-k","8":"arac_markasi_modeli-insignia-a","9":"arac_markasi_modeli-insignia-b","10":"arac_markasi_modeli-mokka","11":"arac_markasi_modeli-opel","12":"product_brand-maher","13":"product_cat-sensor-ve-elektrik-urunleri","14":"product_tag-altay","16":"first","17":"instock","18":"taxable","19":"shipping-taxable","20":"purchasable","21":"product-type-simple"},"jetpack_sharing_enabled":true,"_links":{"self":[{"href":"https:\/\/ozince.com\/magaza\/wp-json\/wp\/v2\/product\/10874","targetHints":{"allow":["GET"]}}],"collection":[{"href":"https:\/\/ozince.com\/magaza\/wp-json\/wp\/v2\/product"}],"about":[{"href":"https:\/\/ozince.com\/magaza\/wp-json\/wp\/v2\/types\/product"}],"wp:featuredmedia":[{"embeddable":true,"href":"https:\/\/ozince.com\/magaza\/wp-json\/wp\/v2\/media\/12183"}],"wp:attachment":[{"href":"https:\/\/ozince.com\/magaza\/wp-json\/wp\/v2\/media?parent=10874"}],"wp:term":[{"taxonomy":"product_brand","embeddable":true,"href":"https:\/\/ozince.com\/magaza\/wp-json\/wp\/v2\/product_brand?post=10874"},{"taxonomy":"product_cat","embeddable":true,"href":"https:\/\/ozince.com\/magaza\/wp-json\/wp\/v2\/product_cat?post=10874"},{"taxonomy":"product_tag","embeddable":true,"href":"https:\/\/ozince.com\/magaza\/wp-json\/wp\/v2\/product_tag?post=10874"}],"curies":[{"name":"wp","href":"https:\/\/api.w.org\/{rel}","templated":true}]}}