{"id":10864,"date":"2026-04-29T08:06:50","date_gmt":"2026-04-29T05:06:50","guid":{"rendered":"https:\/\/ozince.com\/magaza\/kategorilenmemis\/mhr-26596-far-anahtari-astra-j-cift-sisli\/"},"modified":"2026-04-29T08:06:51","modified_gmt":"2026-04-29T05:06:51","slug":"mhr-26596-far-anahtari-astra-j-cift-sisli","status":"publish","type":"product","link":"https:\/\/ozince.com\/magaza\/sensor-ve-elektrik-urunleri\/mhr-26596-far-anahtari-astra-j-cift-sisli\/","title":{"rendered":"MHR-26596 FAR ANAHTARI ASTRA J \u00c7\u0130FT S\u0130SL\u0130"},"content":{"rendered":"","protected":false},"excerpt":{"rendered":"","protected":false},"featured_media":12202,"template":"","meta":[],"product_brand":[288],"product_cat":[374],"product_tag":[378],"class_list":{"0":"post-10864","1":"product","2":"type-product","3":"status-publish","4":"has-post-thumbnail","6":"arac_markasi_modeli-astra-j","7":"arac_markasi_modeli-opel","8":"product_brand-maher","9":"product_cat-sensor-ve-elektrik-urunleri","10":"product_tag-altay","12":"first","13":"instock","14":"taxable","15":"shipping-taxable","16":"purchasable","17":"product-type-simple"},"jetpack_sharing_enabled":true,"_links":{"self":[{"href":"https:\/\/ozince.com\/magaza\/wp-json\/wp\/v2\/product\/10864","targetHints":{"allow":["GET"]}}],"collection":[{"href":"https:\/\/ozince.com\/magaza\/wp-json\/wp\/v2\/product"}],"about":[{"href":"https:\/\/ozince.com\/magaza\/wp-json\/wp\/v2\/types\/product"}],"wp:featuredmedia":[{"embeddable":true,"href":"https:\/\/ozince.com\/magaza\/wp-json\/wp\/v2\/media\/12202"}],"wp:attachment":[{"href":"https:\/\/ozince.com\/magaza\/wp-json\/wp\/v2\/media?parent=10864"}],"wp:term":[{"taxonomy":"product_brand","embeddable":true,"href":"https:\/\/ozince.com\/magaza\/wp-json\/wp\/v2\/product_brand?post=10864"},{"taxonomy":"product_cat","embeddable":true,"href":"https:\/\/ozince.com\/magaza\/wp-json\/wp\/v2\/product_cat?post=10864"},{"taxonomy":"product_tag","embeddable":true,"href":"https:\/\/ozince.com\/magaza\/wp-json\/wp\/v2\/product_tag?post=10864"}],"curies":[{"name":"wp","href":"https:\/\/api.w.org\/{rel}","templated":true}]}}