{"id":10853,"date":"2026-04-28T08:03:34","date_gmt":"2026-04-28T05:03:34","guid":{"rendered":"https:\/\/ozince.com\/magaza\/kategorilenmemis\/mhr-14301-aks-tasiyici-corsa-d-04-12-dizel-on-sag-z13dtj-z13dth-a13dtc-a13dte\/"},"modified":"2026-04-28T08:03:35","modified_gmt":"2026-04-28T05:03:35","slug":"mhr-14301-aks-tasiyici-corsa-d-04-12-dizel-on-sag-z13dtj-z13dth-a13dtc-a13dte","status":"publish","type":"product","link":"https:\/\/ozince.com\/magaza\/alt-takim-urunleri\/mhr-14301-aks-tasiyici-corsa-d-04-12-dizel-on-sag-z13dtj-z13dth-a13dtc-a13dte\/","title":{"rendered":"MHR-14301 AKS TA\u015eIYICI CORSA D 04-12 D\u0130ZEL \u00d6N SA\u011e Z13DTJ-Z13DTH-A13DTC-A13DTE"},"content":{"rendered":"","protected":false},"excerpt":{"rendered":"","protected":false},"featured_media":0,"template":"","meta":[],"product_brand":[288],"product_cat":[382],"product_tag":[378],"class_list":{"0":"post-10853","1":"product","2":"type-product","3":"status-publish","5":"arac_markasi_modeli-corsa-d","6":"arac_markasi_modeli-opel","7":"product_brand-maher","8":"product_cat-alt-takim-urunleri","9":"product_tag-altay","11":"first","12":"instock","13":"taxable","14":"shipping-taxable","15":"purchasable","16":"product-type-simple"},"jetpack_sharing_enabled":true,"_links":{"self":[{"href":"https:\/\/ozince.com\/magaza\/wp-json\/wp\/v2\/product\/10853","targetHints":{"allow":["GET"]}}],"collection":[{"href":"https:\/\/ozince.com\/magaza\/wp-json\/wp\/v2\/product"}],"about":[{"href":"https:\/\/ozince.com\/magaza\/wp-json\/wp\/v2\/types\/product"}],"wp:attachment":[{"href":"https:\/\/ozince.com\/magaza\/wp-json\/wp\/v2\/media?parent=10853"}],"wp:term":[{"taxonomy":"product_brand","embeddable":true,"href":"https:\/\/ozince.com\/magaza\/wp-json\/wp\/v2\/product_brand?post=10853"},{"taxonomy":"product_cat","embeddable":true,"href":"https:\/\/ozince.com\/magaza\/wp-json\/wp\/v2\/product_cat?post=10853"},{"taxonomy":"product_tag","embeddable":true,"href":"https:\/\/ozince.com\/magaza\/wp-json\/wp\/v2\/product_tag?post=10853"}],"curies":[{"name":"wp","href":"https:\/\/api.w.org\/{rel}","templated":true}]}}