{"id":10844,"date":"2026-03-05T08:04:50","date_gmt":"2026-03-05T05:04:50","guid":{"rendered":"https:\/\/ozince.com\/magaza\/kategorilenmemis\/mhr-14459-teker-poryasi-doblo-10-doblo-pratico-10-combo-d-12-arka-rulmanli-absli-5-bijon-flans\/"},"modified":"2026-03-05T08:04:51","modified_gmt":"2026-03-05T05:04:51","slug":"mhr-14459-teker-poryasi-doblo-10-doblo-pratico-10-combo-d-12-arka-rulmanli-absli-5-bijon-flans","status":"publish","type":"product","link":"https:\/\/ozince.com\/magaza\/aks-urunleri\/mhr-14459-teker-poryasi-doblo-10-doblo-pratico-10-combo-d-12-arka-rulmanli-absli-5-bijon-flans\/","title":{"rendered":"MHR-14459 TEKER PORYASI DOBLO 10= \/ DOBLO PRATICO 10= \/ COMBO D 12= ARKA RULMANLI ABSL\u0130 5 B\u0130JON FLAN\u015e"},"content":{"rendered":"","protected":false},"excerpt":{"rendered":"","protected":false},"featured_media":12780,"template":"","meta":[],"product_brand":[288],"product_cat":[379],"product_tag":[378],"class_list":{"0":"post-10844","1":"product","2":"type-product","3":"status-publish","4":"has-post-thumbnail","6":"arac_markasi_modeli-combo-d","7":"arac_markasi_modeli-opel","8":"product_brand-maher","9":"product_cat-aks-urunleri","10":"product_tag-altay","12":"first","13":"outofstock","14":"taxable","15":"shipping-taxable","16":"purchasable","17":"product-type-simple"},"jetpack_sharing_enabled":true,"_links":{"self":[{"href":"https:\/\/ozince.com\/magaza\/wp-json\/wp\/v2\/product\/10844","targetHints":{"allow":["GET"]}}],"collection":[{"href":"https:\/\/ozince.com\/magaza\/wp-json\/wp\/v2\/product"}],"about":[{"href":"https:\/\/ozince.com\/magaza\/wp-json\/wp\/v2\/types\/product"}],"wp:featuredmedia":[{"embeddable":true,"href":"https:\/\/ozince.com\/magaza\/wp-json\/wp\/v2\/media\/12780"}],"wp:attachment":[{"href":"https:\/\/ozince.com\/magaza\/wp-json\/wp\/v2\/media?parent=10844"}],"wp:term":[{"taxonomy":"product_brand","embeddable":true,"href":"https:\/\/ozince.com\/magaza\/wp-json\/wp\/v2\/product_brand?post=10844"},{"taxonomy":"product_cat","embeddable":true,"href":"https:\/\/ozince.com\/magaza\/wp-json\/wp\/v2\/product_cat?post=10844"},{"taxonomy":"product_tag","embeddable":true,"href":"https:\/\/ozince.com\/magaza\/wp-json\/wp\/v2\/product_tag?post=10844"}],"curies":[{"name":"wp","href":"https:\/\/api.w.org\/{rel}","templated":true}]}}